{"id":96730,"date":"2023-04-21T19:10:37","date_gmt":"2023-04-21T17:10:37","guid":{"rendered":"https:\/\/zam.novoterm.pl\/index.php\/produkt\/zawor-przelacznika-funkcji-do-panelu-natryskowego-kerra-black-pearl-cedro\/"},"modified":"2026-04-08T18:01:40","modified_gmt":"2026-04-08T16:01:40","slug":"zawor-przelacznika-funkcji-do-panelu-natryskowego-kerra-black-pearl-cedro","status":"publish","type":"product","link":"https:\/\/zam.novoterm.pl\/index.php\/produkt\/zawor-przelacznika-funkcji-do-panelu-natryskowego-kerra-black-pearl-cedro\/","title":{"rendered":"zaw\u00f3r prze\u0142\u0105cznika funkcji do panelu natryskowego Kerra &#8222;Black Pearl\/Cedro&#8221;"},"content":{"rendered":"","protected":false},"excerpt":{"rendered":"","protected":false},"featured_media":130632,"comment_status":"closed","ping_status":"open","template":"","meta":[],"product_cat":[728,735],"product_tag":[],"_links":{"self":[{"href":"https:\/\/zam.novoterm.pl\/index.php\/wp-json\/wp\/v2\/product\/96730"}],"collection":[{"href":"https:\/\/zam.novoterm.pl\/index.php\/wp-json\/wp\/v2\/product"}],"about":[{"href":"https:\/\/zam.novoterm.pl\/index.php\/wp-json\/wp\/v2\/types\/product"}],"replies":[{"embeddable":true,"href":"https:\/\/zam.novoterm.pl\/index.php\/wp-json\/wp\/v2\/comments?post=96730"}],"wp:featuredmedia":[{"embeddable":true,"href":"https:\/\/zam.novoterm.pl\/index.php\/wp-json\/wp\/v2\/media\/130632"}],"wp:attachment":[{"href":"https:\/\/zam.novoterm.pl\/index.php\/wp-json\/wp\/v2\/media?parent=96730"}],"wp:term":[{"taxonomy":"product_cat","embeddable":true,"href":"https:\/\/zam.novoterm.pl\/index.php\/wp-json\/wp\/v2\/product_cat?post=96730"},{"taxonomy":"product_tag","embeddable":true,"href":"https:\/\/zam.novoterm.pl\/index.php\/wp-json\/wp\/v2\/product_tag?post=96730"}],"curies":[{"name":"wp","href":"https:\/\/api.w.org\/{rel}","templated":true}]}}