{"id":93661,"date":"2023-01-22T19:20:17","date_gmt":"2023-01-22T18:20:17","guid":{"rendered":"https:\/\/zam.novoterm.pl\/index.php\/produkt\/plytka-przelacznika-do-okapu-kuchennego-focus-spirit\/"},"modified":"2026-04-15T08:13:11","modified_gmt":"2026-04-15T06:13:11","slug":"plytka-przelacznika-do-okapu-kuchennego-focus-spirit","status":"publish","type":"product","link":"https:\/\/zam.novoterm.pl\/index.php\/produkt\/plytka-przelacznika-do-okapu-kuchennego-focus-spirit\/","title":{"rendered":"p\u0142ytka prze\u0142\u0105cznika do okapu kuchennego Focus &#8222;Spirit&#8221;"},"content":{"rendered":"","protected":false},"excerpt":{"rendered":"","protected":false},"featured_media":130536,"comment_status":"closed","ping_status":"open","template":"","meta":[],"product_cat":[842,728],"product_tag":[],"_links":{"self":[{"href":"https:\/\/zam.novoterm.pl\/index.php\/wp-json\/wp\/v2\/product\/93661"}],"collection":[{"href":"https:\/\/zam.novoterm.pl\/index.php\/wp-json\/wp\/v2\/product"}],"about":[{"href":"https:\/\/zam.novoterm.pl\/index.php\/wp-json\/wp\/v2\/types\/product"}],"replies":[{"embeddable":true,"href":"https:\/\/zam.novoterm.pl\/index.php\/wp-json\/wp\/v2\/comments?post=93661"}],"wp:featuredmedia":[{"embeddable":true,"href":"https:\/\/zam.novoterm.pl\/index.php\/wp-json\/wp\/v2\/media\/130536"}],"wp:attachment":[{"href":"https:\/\/zam.novoterm.pl\/index.php\/wp-json\/wp\/v2\/media?parent=93661"}],"wp:term":[{"taxonomy":"product_cat","embeddable":true,"href":"https:\/\/zam.novoterm.pl\/index.php\/wp-json\/wp\/v2\/product_cat?post=93661"},{"taxonomy":"product_tag","embeddable":true,"href":"https:\/\/zam.novoterm.pl\/index.php\/wp-json\/wp\/v2\/product_tag?post=93661"}],"curies":[{"name":"wp","href":"https:\/\/api.w.org\/{rel}","templated":true}]}}