{"id":93651,"date":"2023-01-22T19:20:14","date_gmt":"2023-01-22T18:20:14","guid":{"rendered":"https:\/\/zam.novoterm.pl\/index.php\/produkt\/prety-gwintowane-do-montazu-miski-wiszacej-do-stelaza-podtynkowego-kerra-k-50-slim\/"},"modified":"2026-04-08T01:31:38","modified_gmt":"2026-04-07T23:31:38","slug":"prety-gwintowane-do-montazu-miski-wiszacej-do-stelaza-podtynkowego-kerra-k-50-slim","status":"publish","type":"product","link":"https:\/\/zam.novoterm.pl\/index.php\/produkt\/prety-gwintowane-do-montazu-miski-wiszacej-do-stelaza-podtynkowego-kerra-k-50-slim\/","title":{"rendered":"pr\u0119ty gwintowane do monta\u017cu miski wisz\u0105cej do stela\u017ca podtynkowego Kerra &#8222;K-50 SLIM&#8221;"},"content":{"rendered":"","protected":false},"excerpt":{"rendered":"","protected":false},"featured_media":130528,"comment_status":"closed","ping_status":"open","template":"","meta":[],"product_cat":[728,729],"product_tag":[],"_links":{"self":[{"href":"https:\/\/zam.novoterm.pl\/index.php\/wp-json\/wp\/v2\/product\/93651"}],"collection":[{"href":"https:\/\/zam.novoterm.pl\/index.php\/wp-json\/wp\/v2\/product"}],"about":[{"href":"https:\/\/zam.novoterm.pl\/index.php\/wp-json\/wp\/v2\/types\/product"}],"replies":[{"embeddable":true,"href":"https:\/\/zam.novoterm.pl\/index.php\/wp-json\/wp\/v2\/comments?post=93651"}],"wp:featuredmedia":[{"embeddable":true,"href":"https:\/\/zam.novoterm.pl\/index.php\/wp-json\/wp\/v2\/media\/130528"}],"wp:attachment":[{"href":"https:\/\/zam.novoterm.pl\/index.php\/wp-json\/wp\/v2\/media?parent=93651"}],"wp:term":[{"taxonomy":"product_cat","embeddable":true,"href":"https:\/\/zam.novoterm.pl\/index.php\/wp-json\/wp\/v2\/product_cat?post=93651"},{"taxonomy":"product_tag","embeddable":true,"href":"https:\/\/zam.novoterm.pl\/index.php\/wp-json\/wp\/v2\/product_tag?post=93651"}],"curies":[{"name":"wp","href":"https:\/\/api.w.org\/{rel}","templated":true}]}}