{"id":87904,"date":"2022-07-21T14:44:14","date_gmt":"2022-07-21T12:44:14","guid":{"rendered":"https:\/\/zam.novoterm.pl\/index.php\/produkt\/dysza-masazowa-koncowa-do-kabiny-hydromasazowej-kerra-karolina-faro-strada\/"},"modified":"2026-04-08T01:10:42","modified_gmt":"2026-04-07T23:10:42","slug":"dysza-masazowa-koncowa-do-kabiny-hydromasazowej-kerra-karolina-faro-strada","status":"publish","type":"product","link":"https:\/\/zam.novoterm.pl\/index.php\/produkt\/dysza-masazowa-koncowa-do-kabiny-hydromasazowej-kerra-karolina-faro-strada\/","title":{"rendered":"dysza masa\u017cowa ko\u0144cowa do kabiny hydromasa\u017cowej Kerra &#8222;Karolina\/Faro\/Strada&#8221;"},"content":{"rendered":"","protected":false},"excerpt":{"rendered":"","protected":false},"featured_media":129622,"comment_status":"closed","ping_status":"open","template":"","meta":[],"product_cat":[728,731],"product_tag":[],"_links":{"self":[{"href":"https:\/\/zam.novoterm.pl\/index.php\/wp-json\/wp\/v2\/product\/87904"}],"collection":[{"href":"https:\/\/zam.novoterm.pl\/index.php\/wp-json\/wp\/v2\/product"}],"about":[{"href":"https:\/\/zam.novoterm.pl\/index.php\/wp-json\/wp\/v2\/types\/product"}],"replies":[{"embeddable":true,"href":"https:\/\/zam.novoterm.pl\/index.php\/wp-json\/wp\/v2\/comments?post=87904"}],"wp:featuredmedia":[{"embeddable":true,"href":"https:\/\/zam.novoterm.pl\/index.php\/wp-json\/wp\/v2\/media\/129622"}],"wp:attachment":[{"href":"https:\/\/zam.novoterm.pl\/index.php\/wp-json\/wp\/v2\/media?parent=87904"}],"wp:term":[{"taxonomy":"product_cat","embeddable":true,"href":"https:\/\/zam.novoterm.pl\/index.php\/wp-json\/wp\/v2\/product_cat?post=87904"},{"taxonomy":"product_tag","embeddable":true,"href":"https:\/\/zam.novoterm.pl\/index.php\/wp-json\/wp\/v2\/product_tag?post=87904"}],"curies":[{"name":"wp","href":"https:\/\/api.w.org\/{rel}","templated":true}]}}