{"id":87847,"date":"2022-07-21T14:43:31","date_gmt":"2022-07-21T12:43:31","guid":{"rendered":"https:\/\/zam.novoterm.pl\/index.php\/produkt\/dysza-masazowa-oparcia-koncowa-do-kabiny-hydromasazowej-kerra-laguna-lux\/"},"modified":"2026-04-08T01:20:16","modified_gmt":"2026-04-07T23:20:16","slug":"dysza-masazowa-oparcia-koncowa-do-kabiny-hydromasazowej-kerra-laguna-lux","status":"publish","type":"product","link":"https:\/\/zam.novoterm.pl\/index.php\/produkt\/dysza-masazowa-oparcia-koncowa-do-kabiny-hydromasazowej-kerra-laguna-lux\/","title":{"rendered":"dysza masa\u017cowa oparcia ko\u0144cowa do kabiny hydromasa\u017cowej Kerra &#8222;Laguna Lux&#8221;"},"content":{"rendered":"","protected":false},"excerpt":{"rendered":"","protected":false},"featured_media":129565,"comment_status":"closed","ping_status":"open","template":"","meta":[],"product_cat":[728,731],"product_tag":[],"_links":{"self":[{"href":"https:\/\/zam.novoterm.pl\/index.php\/wp-json\/wp\/v2\/product\/87847"}],"collection":[{"href":"https:\/\/zam.novoterm.pl\/index.php\/wp-json\/wp\/v2\/product"}],"about":[{"href":"https:\/\/zam.novoterm.pl\/index.php\/wp-json\/wp\/v2\/types\/product"}],"replies":[{"embeddable":true,"href":"https:\/\/zam.novoterm.pl\/index.php\/wp-json\/wp\/v2\/comments?post=87847"}],"wp:featuredmedia":[{"embeddable":true,"href":"https:\/\/zam.novoterm.pl\/index.php\/wp-json\/wp\/v2\/media\/129565"}],"wp:attachment":[{"href":"https:\/\/zam.novoterm.pl\/index.php\/wp-json\/wp\/v2\/media?parent=87847"}],"wp:term":[{"taxonomy":"product_cat","embeddable":true,"href":"https:\/\/zam.novoterm.pl\/index.php\/wp-json\/wp\/v2\/product_cat?post=87847"},{"taxonomy":"product_tag","embeddable":true,"href":"https:\/\/zam.novoterm.pl\/index.php\/wp-json\/wp\/v2\/product_tag?post=87847"}],"curies":[{"name":"wp","href":"https:\/\/api.w.org\/{rel}","templated":true}]}}