{"id":87829,"date":"2022-07-21T14:43:15","date_gmt":"2022-07-21T12:43:15","guid":{"rendered":"https:\/\/zam.novoterm.pl\/index.php\/produkt\/glosnik-do-kabiny-hydromasazowej-kerra-tuluza-silver-prime-silver-diamond-jukon-gibraltar-lisa-oviedo-paulina-vigo-mauri-maxi-mocca-petrus-rita\/"},"modified":"2026-04-08T01:11:49","modified_gmt":"2026-04-07T23:11:49","slug":"glosnik-do-kabiny-hydromasazowej-kerra-tuluza-silver-prime-silver-diamond-jukon-gibraltar-lisa-oviedo-paulina-vigo-mauri-maxi-mocca-petrus-rita","status":"publish","type":"product","link":"https:\/\/zam.novoterm.pl\/index.php\/produkt\/glosnik-do-kabiny-hydromasazowej-kerra-tuluza-silver-prime-silver-diamond-jukon-gibraltar-lisa-oviedo-paulina-vigo-mauri-maxi-mocca-petrus-rita\/","title":{"rendered":"g\u0142o\u015bnik do kabiny hydromasa\u017cowej Kerra &#8222;Tuluza\/Silver Prime\/Silver Diamond\/Jukon\/Gibraltar\/Lisa\/Oviedo\/Paulina\/Vigo\/Mauri\/Maxi\/Mocca\/Petrus\/Rita&#8221;"},"content":{"rendered":"","protected":false},"excerpt":{"rendered":"","protected":false},"featured_media":129551,"comment_status":"closed","ping_status":"open","template":"","meta":[],"product_cat":[728,731],"product_tag":[],"_links":{"self":[{"href":"https:\/\/zam.novoterm.pl\/index.php\/wp-json\/wp\/v2\/product\/87829"}],"collection":[{"href":"https:\/\/zam.novoterm.pl\/index.php\/wp-json\/wp\/v2\/product"}],"about":[{"href":"https:\/\/zam.novoterm.pl\/index.php\/wp-json\/wp\/v2\/types\/product"}],"replies":[{"embeddable":true,"href":"https:\/\/zam.novoterm.pl\/index.php\/wp-json\/wp\/v2\/comments?post=87829"}],"wp:featuredmedia":[{"embeddable":true,"href":"https:\/\/zam.novoterm.pl\/index.php\/wp-json\/wp\/v2\/media\/129551"}],"wp:attachment":[{"href":"https:\/\/zam.novoterm.pl\/index.php\/wp-json\/wp\/v2\/media?parent=87829"}],"wp:term":[{"taxonomy":"product_cat","embeddable":true,"href":"https:\/\/zam.novoterm.pl\/index.php\/wp-json\/wp\/v2\/product_cat?post=87829"},{"taxonomy":"product_tag","embeddable":true,"href":"https:\/\/zam.novoterm.pl\/index.php\/wp-json\/wp\/v2\/product_tag?post=87829"}],"curies":[{"name":"wp","href":"https:\/\/api.w.org\/{rel}","templated":true}]}}