{"id":87825,"date":"2022-07-21T14:43:15","date_gmt":"2022-07-21T12:43:15","guid":{"rendered":"https:\/\/zam.novoterm.pl\/index.php\/produkt\/zaslepka-wkretow-oslony-brodzika-profilu-do-kabiny-wanny-kerra-srednica-16-mm\/"},"modified":"2026-04-08T01:20:32","modified_gmt":"2026-04-07T23:20:32","slug":"zaslepka-wkretow-oslony-brodzika-profilu-do-kabiny-wanny-kerra-srednica-16-mm","status":"publish","type":"product","link":"https:\/\/zam.novoterm.pl\/index.php\/produkt\/zaslepka-wkretow-oslony-brodzika-profilu-do-kabiny-wanny-kerra-srednica-16-mm\/","title":{"rendered":"za\u015blepka wkr\u0119t\u00f3w os\u0142ony brodzika\/profilu do kabiny\/wanny Kerra &#8211; \u015brednica 16 mm"},"content":{"rendered":"","protected":false},"excerpt":{"rendered":"","protected":false},"featured_media":129548,"comment_status":"closed","ping_status":"open","template":"","meta":[],"product_cat":[728,738,731,737,739,736],"product_tag":[],"_links":{"self":[{"href":"https:\/\/zam.novoterm.pl\/index.php\/wp-json\/wp\/v2\/product\/87825"}],"collection":[{"href":"https:\/\/zam.novoterm.pl\/index.php\/wp-json\/wp\/v2\/product"}],"about":[{"href":"https:\/\/zam.novoterm.pl\/index.php\/wp-json\/wp\/v2\/types\/product"}],"replies":[{"embeddable":true,"href":"https:\/\/zam.novoterm.pl\/index.php\/wp-json\/wp\/v2\/comments?post=87825"}],"wp:featuredmedia":[{"embeddable":true,"href":"https:\/\/zam.novoterm.pl\/index.php\/wp-json\/wp\/v2\/media\/129548"}],"wp:attachment":[{"href":"https:\/\/zam.novoterm.pl\/index.php\/wp-json\/wp\/v2\/media?parent=87825"}],"wp:term":[{"taxonomy":"product_cat","embeddable":true,"href":"https:\/\/zam.novoterm.pl\/index.php\/wp-json\/wp\/v2\/product_cat?post=87825"},{"taxonomy":"product_tag","embeddable":true,"href":"https:\/\/zam.novoterm.pl\/index.php\/wp-json\/wp\/v2\/product_tag?post=87825"}],"curies":[{"name":"wp","href":"https:\/\/api.w.org\/{rel}","templated":true}]}}