{"id":87699,"date":"2022-07-21T14:41:18","date_gmt":"2022-07-21T12:41:18","guid":{"rendered":"https:\/\/zam.novoterm.pl\/index.php\/produkt\/masazer-stop-do-kabiny-hydromasazowej-parowej-kerra-brownie-claire-ellen-fantasia-glamour-laguna-laura-mauri-nelle-p-135-sena-silver-diamond-xl\/"},"modified":"2026-04-08T17:51:02","modified_gmt":"2026-04-08T15:51:02","slug":"masazer-stop-do-kabiny-hydromasazowej-parowej-kerra-brownie-claire-ellen-fantasia-glamour-laguna-laura-mauri-nelle-p-135-sena-silver-diamond-xl","status":"publish","type":"product","link":"https:\/\/zam.novoterm.pl\/index.php\/produkt\/masazer-stop-do-kabiny-hydromasazowej-parowej-kerra-brownie-claire-ellen-fantasia-glamour-laguna-laura-mauri-nelle-p-135-sena-silver-diamond-xl\/","title":{"rendered":"masa\u017cer st\u00f3p do kabiny hydromasa\u017cowej\/parowej Kerra &#8222;Brownie\/Claire\/Ellen\/Fantasia\/Glamour\/Laguna\/Laura\/Mauri\/Nelle\/P 135\/Sena\/Silver Diamond\/XL&#8221;"},"content":{"rendered":"","protected":false},"excerpt":{"rendered":"","protected":false},"featured_media":129448,"comment_status":"closed","ping_status":"open","template":"","meta":[],"product_cat":[728,731],"product_tag":[],"_links":{"self":[{"href":"https:\/\/zam.novoterm.pl\/index.php\/wp-json\/wp\/v2\/product\/87699"}],"collection":[{"href":"https:\/\/zam.novoterm.pl\/index.php\/wp-json\/wp\/v2\/product"}],"about":[{"href":"https:\/\/zam.novoterm.pl\/index.php\/wp-json\/wp\/v2\/types\/product"}],"replies":[{"embeddable":true,"href":"https:\/\/zam.novoterm.pl\/index.php\/wp-json\/wp\/v2\/comments?post=87699"}],"wp:featuredmedia":[{"embeddable":true,"href":"https:\/\/zam.novoterm.pl\/index.php\/wp-json\/wp\/v2\/media\/129448"}],"wp:attachment":[{"href":"https:\/\/zam.novoterm.pl\/index.php\/wp-json\/wp\/v2\/media?parent=87699"}],"wp:term":[{"taxonomy":"product_cat","embeddable":true,"href":"https:\/\/zam.novoterm.pl\/index.php\/wp-json\/wp\/v2\/product_cat?post=87699"},{"taxonomy":"product_tag","embeddable":true,"href":"https:\/\/zam.novoterm.pl\/index.php\/wp-json\/wp\/v2\/product_tag?post=87699"}],"curies":[{"name":"wp","href":"https:\/\/api.w.org\/{rel}","templated":true}]}}