{"id":87695,"date":"2022-07-21T14:41:18","date_gmt":"2022-07-21T12:41:18","guid":{"rendered":"https:\/\/zam.novoterm.pl\/index.php\/produkt\/waz-masazera-do-kabiny-hydromasazowej-kerra-brownie-claire-fantasia-laguna-laura-mauri-nelle-p-135-sena-silver-diamond-xl-90-cm\/"},"modified":"2026-04-08T17:51:02","modified_gmt":"2026-04-08T15:51:02","slug":"waz-masazera-do-kabiny-hydromasazowej-kerra-brownie-claire-fantasia-laguna-laura-mauri-nelle-p-135-sena-silver-diamond-xl-90-cm","status":"publish","type":"product","link":"https:\/\/zam.novoterm.pl\/index.php\/produkt\/waz-masazera-do-kabiny-hydromasazowej-kerra-brownie-claire-fantasia-laguna-laura-mauri-nelle-p-135-sena-silver-diamond-xl-90-cm\/","title":{"rendered":"w\u0105\u017c masa\u017cera do kabiny hydromasa\u017cowej Kerra &#8222;Brownie\/Claire\/Fantasia\/Laguna\/Laura\/Mauri\/Nelle\/P 135\/Sena\/Silver Diamond\/XL&#8221; (90 cm)"},"content":{"rendered":"","protected":false},"excerpt":{"rendered":"","protected":false},"featured_media":129445,"comment_status":"closed","ping_status":"open","template":"","meta":[],"product_cat":[728,731],"product_tag":[],"_links":{"self":[{"href":"https:\/\/zam.novoterm.pl\/index.php\/wp-json\/wp\/v2\/product\/87695"}],"collection":[{"href":"https:\/\/zam.novoterm.pl\/index.php\/wp-json\/wp\/v2\/product"}],"about":[{"href":"https:\/\/zam.novoterm.pl\/index.php\/wp-json\/wp\/v2\/types\/product"}],"replies":[{"embeddable":true,"href":"https:\/\/zam.novoterm.pl\/index.php\/wp-json\/wp\/v2\/comments?post=87695"}],"wp:featuredmedia":[{"embeddable":true,"href":"https:\/\/zam.novoterm.pl\/index.php\/wp-json\/wp\/v2\/media\/129445"}],"wp:attachment":[{"href":"https:\/\/zam.novoterm.pl\/index.php\/wp-json\/wp\/v2\/media?parent=87695"}],"wp:term":[{"taxonomy":"product_cat","embeddable":true,"href":"https:\/\/zam.novoterm.pl\/index.php\/wp-json\/wp\/v2\/product_cat?post=87695"},{"taxonomy":"product_tag","embeddable":true,"href":"https:\/\/zam.novoterm.pl\/index.php\/wp-json\/wp\/v2\/product_tag?post=87695"}],"curies":[{"name":"wp","href":"https:\/\/api.w.org\/{rel}","templated":true}]}}