{"id":87566,"date":"2022-07-21T14:39:19","date_gmt":"2022-07-21T12:39:19","guid":{"rendered":"https:\/\/zam.novoterm.pl\/index.php\/produkt\/lampa-led-do-okapu-focus-modo-ciepla-barwa-swiatla\/"},"modified":"2026-04-15T01:31:02","modified_gmt":"2026-04-14T23:31:02","slug":"lampa-led-do-okapu-focus-modo-ciepla-barwa-swiatla","status":"publish","type":"product","link":"https:\/\/zam.novoterm.pl\/index.php\/produkt\/lampa-led-do-okapu-focus-modo-ciepla-barwa-swiatla\/","title":{"rendered":"lampa LED do okapu Focus &#8222;Modo&#8221; &#8211; ciep\u0142a barwa \u015bwiat\u0142a"},"content":{"rendered":"","protected":false},"excerpt":{"rendered":"","protected":false},"featured_media":129358,"comment_status":"closed","ping_status":"open","template":"","meta":[],"product_cat":[842,728],"product_tag":[],"_links":{"self":[{"href":"https:\/\/zam.novoterm.pl\/index.php\/wp-json\/wp\/v2\/product\/87566"}],"collection":[{"href":"https:\/\/zam.novoterm.pl\/index.php\/wp-json\/wp\/v2\/product"}],"about":[{"href":"https:\/\/zam.novoterm.pl\/index.php\/wp-json\/wp\/v2\/types\/product"}],"replies":[{"embeddable":true,"href":"https:\/\/zam.novoterm.pl\/index.php\/wp-json\/wp\/v2\/comments?post=87566"}],"wp:featuredmedia":[{"embeddable":true,"href":"https:\/\/zam.novoterm.pl\/index.php\/wp-json\/wp\/v2\/media\/129358"}],"wp:attachment":[{"href":"https:\/\/zam.novoterm.pl\/index.php\/wp-json\/wp\/v2\/media?parent=87566"}],"wp:term":[{"taxonomy":"product_cat","embeddable":true,"href":"https:\/\/zam.novoterm.pl\/index.php\/wp-json\/wp\/v2\/product_cat?post=87566"},{"taxonomy":"product_tag","embeddable":true,"href":"https:\/\/zam.novoterm.pl\/index.php\/wp-json\/wp\/v2\/product_tag?post=87566"}],"curies":[{"name":"wp","href":"https:\/\/api.w.org\/{rel}","templated":true}]}}