{"id":86621,"date":"2022-07-21T14:20:23","date_gmt":"2022-07-21T12:20:23","guid":{"rendered":"https:\/\/zam.novoterm.pl\/index.php\/produkt\/glosnik-do-kabiny-hydromasazowej-kerra-twin-spa-brownie-carlos-claire-ellen-fantasia-glamour-laura-lena-leticia-malaga-miranda-nelle-p-135-xl\/"},"modified":"2026-04-08T01:11:49","modified_gmt":"2026-04-07T23:11:49","slug":"glosnik-do-kabiny-hydromasazowej-kerra-twin-spa-brownie-carlos-claire-ellen-fantasia-glamour-laura-lena-leticia-malaga-miranda-nelle-p-135-xl","status":"publish","type":"product","link":"https:\/\/zam.novoterm.pl\/index.php\/produkt\/glosnik-do-kabiny-hydromasazowej-kerra-twin-spa-brownie-carlos-claire-ellen-fantasia-glamour-laura-lena-leticia-malaga-miranda-nelle-p-135-xl\/","title":{"rendered":"g\u0142o\u015bnik do kabiny hydromasa\u017cowej Kerra &#8222;Twin\/Spa\/Brownie\/Carlos\/Claire\/Ellen\/Fantasia\/Glamour\/Laura\/Lena\/Leticia\/Malaga\/Miranda\/Nelle\/P 135\/XL&#8221;"},"content":{"rendered":"","protected":false},"excerpt":{"rendered":"","protected":false},"featured_media":128765,"comment_status":"closed","ping_status":"open","template":"","meta":[],"product_cat":[728,731],"product_tag":[],"_links":{"self":[{"href":"https:\/\/zam.novoterm.pl\/index.php\/wp-json\/wp\/v2\/product\/86621"}],"collection":[{"href":"https:\/\/zam.novoterm.pl\/index.php\/wp-json\/wp\/v2\/product"}],"about":[{"href":"https:\/\/zam.novoterm.pl\/index.php\/wp-json\/wp\/v2\/types\/product"}],"replies":[{"embeddable":true,"href":"https:\/\/zam.novoterm.pl\/index.php\/wp-json\/wp\/v2\/comments?post=86621"}],"wp:featuredmedia":[{"embeddable":true,"href":"https:\/\/zam.novoterm.pl\/index.php\/wp-json\/wp\/v2\/media\/128765"}],"wp:attachment":[{"href":"https:\/\/zam.novoterm.pl\/index.php\/wp-json\/wp\/v2\/media?parent=86621"}],"wp:term":[{"taxonomy":"product_cat","embeddable":true,"href":"https:\/\/zam.novoterm.pl\/index.php\/wp-json\/wp\/v2\/product_cat?post=86621"},{"taxonomy":"product_tag","embeddable":true,"href":"https:\/\/zam.novoterm.pl\/index.php\/wp-json\/wp\/v2\/product_tag?post=86621"}],"curies":[{"name":"wp","href":"https:\/\/api.w.org\/{rel}","templated":true}]}}