{"id":86612,"date":"2022-07-21T14:20:10","date_gmt":"2022-07-21T12:20:10","guid":{"rendered":"https:\/\/zam.novoterm.pl\/index.php\/produkt\/uchwyt-scienny-scianki-stalej-anja\/"},"modified":"2026-04-08T01:11:59","modified_gmt":"2026-04-07T23:11:59","slug":"uchwyt-scienny-scianki-stalej-anja","status":"publish","type":"product","link":"https:\/\/zam.novoterm.pl\/index.php\/produkt\/uchwyt-scienny-scianki-stalej-anja\/","title":{"rendered":"uchwyt \u015bcienny \u015bcianki sta\u0142ej Anja"},"content":{"rendered":"","protected":false},"excerpt":{"rendered":"","protected":false},"featured_media":128758,"comment_status":"closed","ping_status":"open","template":"","meta":[],"product_cat":[728,738,731,737,739],"product_tag":[],"_links":{"self":[{"href":"https:\/\/zam.novoterm.pl\/index.php\/wp-json\/wp\/v2\/product\/86612"}],"collection":[{"href":"https:\/\/zam.novoterm.pl\/index.php\/wp-json\/wp\/v2\/product"}],"about":[{"href":"https:\/\/zam.novoterm.pl\/index.php\/wp-json\/wp\/v2\/types\/product"}],"replies":[{"embeddable":true,"href":"https:\/\/zam.novoterm.pl\/index.php\/wp-json\/wp\/v2\/comments?post=86612"}],"wp:featuredmedia":[{"embeddable":true,"href":"https:\/\/zam.novoterm.pl\/index.php\/wp-json\/wp\/v2\/media\/128758"}],"wp:attachment":[{"href":"https:\/\/zam.novoterm.pl\/index.php\/wp-json\/wp\/v2\/media?parent=86612"}],"wp:term":[{"taxonomy":"product_cat","embeddable":true,"href":"https:\/\/zam.novoterm.pl\/index.php\/wp-json\/wp\/v2\/product_cat?post=86612"},{"taxonomy":"product_tag","embeddable":true,"href":"https:\/\/zam.novoterm.pl\/index.php\/wp-json\/wp\/v2\/product_tag?post=86612"}],"curies":[{"name":"wp","href":"https:\/\/api.w.org\/{rel}","templated":true}]}}