{"id":86578,"date":"2022-07-21T14:19:30","date_gmt":"2022-07-21T12:19:30","guid":{"rendered":"https:\/\/zam.novoterm.pl\/index.php\/produkt\/oslona-glowicy-mieszacza-do-kabiny-hydromasazowej-kerra-laguna-lux\/"},"modified":"2026-04-08T01:10:35","modified_gmt":"2026-04-07T23:10:35","slug":"oslona-glowicy-mieszacza-do-kabiny-hydromasazowej-kerra-laguna-lux","status":"publish","type":"product","link":"https:\/\/zam.novoterm.pl\/index.php\/produkt\/oslona-glowicy-mieszacza-do-kabiny-hydromasazowej-kerra-laguna-lux\/","title":{"rendered":"os\u0142ona g\u0142owicy mieszacza do kabiny hydromasa\u017cowej Kerra &#8222;Laguna Lux&#8221;"},"content":{"rendered":"","protected":false},"excerpt":{"rendered":"","protected":false},"featured_media":120124,"comment_status":"closed","ping_status":"open","template":"","meta":[],"product_cat":[728,731],"product_tag":[],"_links":{"self":[{"href":"https:\/\/zam.novoterm.pl\/index.php\/wp-json\/wp\/v2\/product\/86578"}],"collection":[{"href":"https:\/\/zam.novoterm.pl\/index.php\/wp-json\/wp\/v2\/product"}],"about":[{"href":"https:\/\/zam.novoterm.pl\/index.php\/wp-json\/wp\/v2\/types\/product"}],"replies":[{"embeddable":true,"href":"https:\/\/zam.novoterm.pl\/index.php\/wp-json\/wp\/v2\/comments?post=86578"}],"wp:featuredmedia":[{"embeddable":true,"href":"https:\/\/zam.novoterm.pl\/index.php\/wp-json\/wp\/v2\/media\/120124"}],"wp:attachment":[{"href":"https:\/\/zam.novoterm.pl\/index.php\/wp-json\/wp\/v2\/media?parent=86578"}],"wp:term":[{"taxonomy":"product_cat","embeddable":true,"href":"https:\/\/zam.novoterm.pl\/index.php\/wp-json\/wp\/v2\/product_cat?post=86578"},{"taxonomy":"product_tag","embeddable":true,"href":"https:\/\/zam.novoterm.pl\/index.php\/wp-json\/wp\/v2\/product_tag?post=86578"}],"curies":[{"name":"wp","href":"https:\/\/api.w.org\/{rel}","templated":true}]}}