{"id":86401,"date":"2022-07-21T14:16:58","date_gmt":"2022-07-21T12:16:58","guid":{"rendered":"https:\/\/zam.novoterm.pl\/index.php\/produkt\/rolka-gorna-do-kabin-drzwi-kerra-kolko-23-mm-solaris\/"},"modified":"2026-04-09T08:14:30","modified_gmt":"2026-04-09T06:14:30","slug":"rolka-gorna-do-kabin-drzwi-kerra-kolko-23-mm-solaris","status":"publish","type":"product","link":"https:\/\/zam.novoterm.pl\/index.php\/produkt\/rolka-gorna-do-kabin-drzwi-kerra-kolko-23-mm-solaris\/","title":{"rendered":"Rolka g\u00f3rna do kabin, drzwi Kerra &#8211; k\u00f3\u0142ko 23 mm (Solaris)"},"content":{"rendered":"","protected":false},"excerpt":{"rendered":"","protected":false},"featured_media":128626,"comment_status":"closed","ping_status":"open","template":"","meta":[],"product_cat":[732,728,738,731,737,742],"product_tag":[],"_links":{"self":[{"href":"https:\/\/zam.novoterm.pl\/index.php\/wp-json\/wp\/v2\/product\/86401"}],"collection":[{"href":"https:\/\/zam.novoterm.pl\/index.php\/wp-json\/wp\/v2\/product"}],"about":[{"href":"https:\/\/zam.novoterm.pl\/index.php\/wp-json\/wp\/v2\/types\/product"}],"replies":[{"embeddable":true,"href":"https:\/\/zam.novoterm.pl\/index.php\/wp-json\/wp\/v2\/comments?post=86401"}],"wp:featuredmedia":[{"embeddable":true,"href":"https:\/\/zam.novoterm.pl\/index.php\/wp-json\/wp\/v2\/media\/128626"}],"wp:attachment":[{"href":"https:\/\/zam.novoterm.pl\/index.php\/wp-json\/wp\/v2\/media?parent=86401"}],"wp:term":[{"taxonomy":"product_cat","embeddable":true,"href":"https:\/\/zam.novoterm.pl\/index.php\/wp-json\/wp\/v2\/product_cat?post=86401"},{"taxonomy":"product_tag","embeddable":true,"href":"https:\/\/zam.novoterm.pl\/index.php\/wp-json\/wp\/v2\/product_tag?post=86401"}],"curies":[{"name":"wp","href":"https:\/\/api.w.org\/{rel}","templated":true}]}}