{"id":86321,"date":"2022-07-21T14:16:10","date_gmt":"2022-07-21T12:16:10","guid":{"rendered":"https:\/\/zam.novoterm.pl\/index.php\/produkt\/uchwyt-przelacznika-funkcji-do-kabiny-hydromasazowej-kerra-fantasia-claire-nelle-brownie\/"},"modified":"2026-04-08T01:10:51","modified_gmt":"2026-04-07T23:10:51","slug":"uchwyt-przelacznika-funkcji-do-kabiny-hydromasazowej-kerra-fantasia-claire-nelle-brownie","status":"publish","type":"product","link":"https:\/\/zam.novoterm.pl\/index.php\/produkt\/uchwyt-przelacznika-funkcji-do-kabiny-hydromasazowej-kerra-fantasia-claire-nelle-brownie\/","title":{"rendered":"uchwyt prze\u0142\u0105cznika funkcji do kabiny hydromasa\u017cowej Kerra &#8222;Fantasia\/Claire\/Nelle\/Brownie&#8221;"},"content":{"rendered":"","protected":false},"excerpt":{"rendered":"","protected":false},"featured_media":128571,"comment_status":"closed","ping_status":"open","template":"","meta":[],"product_cat":[728,731],"product_tag":[],"_links":{"self":[{"href":"https:\/\/zam.novoterm.pl\/index.php\/wp-json\/wp\/v2\/product\/86321"}],"collection":[{"href":"https:\/\/zam.novoterm.pl\/index.php\/wp-json\/wp\/v2\/product"}],"about":[{"href":"https:\/\/zam.novoterm.pl\/index.php\/wp-json\/wp\/v2\/types\/product"}],"replies":[{"embeddable":true,"href":"https:\/\/zam.novoterm.pl\/index.php\/wp-json\/wp\/v2\/comments?post=86321"}],"wp:featuredmedia":[{"embeddable":true,"href":"https:\/\/zam.novoterm.pl\/index.php\/wp-json\/wp\/v2\/media\/128571"}],"wp:attachment":[{"href":"https:\/\/zam.novoterm.pl\/index.php\/wp-json\/wp\/v2\/media?parent=86321"}],"wp:term":[{"taxonomy":"product_cat","embeddable":true,"href":"https:\/\/zam.novoterm.pl\/index.php\/wp-json\/wp\/v2\/product_cat?post=86321"},{"taxonomy":"product_tag","embeddable":true,"href":"https:\/\/zam.novoterm.pl\/index.php\/wp-json\/wp\/v2\/product_tag?post=86321"}],"curies":[{"name":"wp","href":"https:\/\/api.w.org\/{rel}","templated":true}]}}