{"id":86186,"date":"2022-07-21T14:14:23","date_gmt":"2022-07-21T12:14:23","guid":{"rendered":"https:\/\/zam.novoterm.pl\/index.php\/produkt\/wezyk-przylaczeniowy-novo-2-m8-3-8\/"},"modified":"2026-04-08T01:20:12","modified_gmt":"2026-04-07T23:20:12","slug":"wezyk-przylaczeniowy-novo-2-m8-3-8","status":"publish","type":"product","link":"https:\/\/zam.novoterm.pl\/index.php\/produkt\/wezyk-przylaczeniowy-novo-2-m8-3-8\/","title":{"rendered":"w\u0119\u017cyk przy\u0142\u0105czeniowy Novo 2 M8 3\/8"},"content":{"rendered":"","protected":false},"excerpt":{"rendered":"","protected":false},"featured_media":128482,"comment_status":"closed","ping_status":"open","template":"","meta":[],"product_cat":[730,728],"product_tag":[],"_links":{"self":[{"href":"https:\/\/zam.novoterm.pl\/index.php\/wp-json\/wp\/v2\/product\/86186"}],"collection":[{"href":"https:\/\/zam.novoterm.pl\/index.php\/wp-json\/wp\/v2\/product"}],"about":[{"href":"https:\/\/zam.novoterm.pl\/index.php\/wp-json\/wp\/v2\/types\/product"}],"replies":[{"embeddable":true,"href":"https:\/\/zam.novoterm.pl\/index.php\/wp-json\/wp\/v2\/comments?post=86186"}],"wp:featuredmedia":[{"embeddable":true,"href":"https:\/\/zam.novoterm.pl\/index.php\/wp-json\/wp\/v2\/media\/128482"}],"wp:attachment":[{"href":"https:\/\/zam.novoterm.pl\/index.php\/wp-json\/wp\/v2\/media?parent=86186"}],"wp:term":[{"taxonomy":"product_cat","embeddable":true,"href":"https:\/\/zam.novoterm.pl\/index.php\/wp-json\/wp\/v2\/product_cat?post=86186"},{"taxonomy":"product_tag","embeddable":true,"href":"https:\/\/zam.novoterm.pl\/index.php\/wp-json\/wp\/v2\/product_tag?post=86186"}],"curies":[{"name":"wp","href":"https:\/\/api.w.org\/{rel}","templated":true}]}}