{"id":85959,"date":"2022-07-21T14:12:25","date_gmt":"2022-07-21T12:12:25","guid":{"rendered":"https:\/\/zam.novoterm.pl\/index.php\/produkt\/duza-scianka-stala-do-kabiny-natryskowej-kerra-glasgow-plus-100x80\/"},"modified":"2026-04-08T01:20:49","modified_gmt":"2026-04-07T23:20:49","slug":"duza-scianka-stala-do-kabiny-natryskowej-kerra-glasgow-plus-100x80","status":"publish","type":"product","link":"https:\/\/zam.novoterm.pl\/index.php\/produkt\/duza-scianka-stala-do-kabiny-natryskowej-kerra-glasgow-plus-100x80\/","title":{"rendered":"du\u017ca \u015bcianka sta\u0142a do kabiny natryskowej Kerra &#8222;Glasgow Plus&#8221; 100&#215;80"},"content":{"rendered":"","protected":false},"excerpt":{"rendered":"","protected":false},"featured_media":119752,"comment_status":"closed","ping_status":"open","template":"","meta":[],"product_cat":[728,737],"product_tag":[],"_links":{"self":[{"href":"https:\/\/zam.novoterm.pl\/index.php\/wp-json\/wp\/v2\/product\/85959"}],"collection":[{"href":"https:\/\/zam.novoterm.pl\/index.php\/wp-json\/wp\/v2\/product"}],"about":[{"href":"https:\/\/zam.novoterm.pl\/index.php\/wp-json\/wp\/v2\/types\/product"}],"replies":[{"embeddable":true,"href":"https:\/\/zam.novoterm.pl\/index.php\/wp-json\/wp\/v2\/comments?post=85959"}],"wp:featuredmedia":[{"embeddable":true,"href":"https:\/\/zam.novoterm.pl\/index.php\/wp-json\/wp\/v2\/media\/119752"}],"wp:attachment":[{"href":"https:\/\/zam.novoterm.pl\/index.php\/wp-json\/wp\/v2\/media?parent=85959"}],"wp:term":[{"taxonomy":"product_cat","embeddable":true,"href":"https:\/\/zam.novoterm.pl\/index.php\/wp-json\/wp\/v2\/product_cat?post=85959"},{"taxonomy":"product_tag","embeddable":true,"href":"https:\/\/zam.novoterm.pl\/index.php\/wp-json\/wp\/v2\/product_tag?post=85959"}],"curies":[{"name":"wp","href":"https:\/\/api.w.org\/{rel}","templated":true}]}}