{"id":85755,"date":"2022-07-21T14:10:05","date_gmt":"2022-07-21T12:10:05","guid":{"rendered":"https:\/\/zam.novoterm.pl\/index.php\/produkt\/zawor-napelniajacy-do-kompaktu-wc-kerra-retro-kr-13\/"},"modified":"2026-04-15T01:11:20","modified_gmt":"2026-04-14T23:11:20","slug":"zawor-napelniajacy-do-kompaktu-wc-kerra-retro-kr-13","status":"publish","type":"product","link":"https:\/\/zam.novoterm.pl\/index.php\/produkt\/zawor-napelniajacy-do-kompaktu-wc-kerra-retro-kr-13\/","title":{"rendered":"zaw\u00f3r nape\u0142niaj\u0105cy do kompaktu WC Kerra &#8222;Retro KR 13&#8221;"},"content":{"rendered":"","protected":false},"excerpt":{"rendered":"","protected":false},"featured_media":128258,"comment_status":"closed","ping_status":"open","template":"","meta":[],"product_cat":[744,728],"product_tag":[],"_links":{"self":[{"href":"https:\/\/zam.novoterm.pl\/index.php\/wp-json\/wp\/v2\/product\/85755"}],"collection":[{"href":"https:\/\/zam.novoterm.pl\/index.php\/wp-json\/wp\/v2\/product"}],"about":[{"href":"https:\/\/zam.novoterm.pl\/index.php\/wp-json\/wp\/v2\/types\/product"}],"replies":[{"embeddable":true,"href":"https:\/\/zam.novoterm.pl\/index.php\/wp-json\/wp\/v2\/comments?post=85755"}],"wp:featuredmedia":[{"embeddable":true,"href":"https:\/\/zam.novoterm.pl\/index.php\/wp-json\/wp\/v2\/media\/128258"}],"wp:attachment":[{"href":"https:\/\/zam.novoterm.pl\/index.php\/wp-json\/wp\/v2\/media?parent=85755"}],"wp:term":[{"taxonomy":"product_cat","embeddable":true,"href":"https:\/\/zam.novoterm.pl\/index.php\/wp-json\/wp\/v2\/product_cat?post=85755"},{"taxonomy":"product_tag","embeddable":true,"href":"https:\/\/zam.novoterm.pl\/index.php\/wp-json\/wp\/v2\/product_tag?post=85755"}],"curies":[{"name":"wp","href":"https:\/\/api.w.org\/{rel}","templated":true}]}}