{"id":85610,"date":"2022-07-21T14:08:17","date_gmt":"2022-07-21T12:08:17","guid":{"rendered":"https:\/\/zam.novoterm.pl\/index.php\/produkt\/polka-do-kabiny-hydromasazowej-kerra-lena-malaga-xl\/"},"modified":"2026-04-08T17:40:52","modified_gmt":"2026-04-08T15:40:52","slug":"polka-do-kabiny-hydromasazowej-kerra-lena-malaga-xl","status":"publish","type":"product","link":"https:\/\/zam.novoterm.pl\/index.php\/produkt\/polka-do-kabiny-hydromasazowej-kerra-lena-malaga-xl\/","title":{"rendered":"P\u00f3\u0142ka do kabiny hydromasa\u017cowej Kerra &#8222;Lena\/Malaga\/XL&#8221;"},"content":{"rendered":"","protected":false},"excerpt":{"rendered":"","protected":false},"featured_media":128168,"comment_status":"closed","ping_status":"open","template":"","meta":[],"product_cat":[728,731],"product_tag":[],"_links":{"self":[{"href":"https:\/\/zam.novoterm.pl\/index.php\/wp-json\/wp\/v2\/product\/85610"}],"collection":[{"href":"https:\/\/zam.novoterm.pl\/index.php\/wp-json\/wp\/v2\/product"}],"about":[{"href":"https:\/\/zam.novoterm.pl\/index.php\/wp-json\/wp\/v2\/types\/product"}],"replies":[{"embeddable":true,"href":"https:\/\/zam.novoterm.pl\/index.php\/wp-json\/wp\/v2\/comments?post=85610"}],"wp:featuredmedia":[{"embeddable":true,"href":"https:\/\/zam.novoterm.pl\/index.php\/wp-json\/wp\/v2\/media\/128168"}],"wp:attachment":[{"href":"https:\/\/zam.novoterm.pl\/index.php\/wp-json\/wp\/v2\/media?parent=85610"}],"wp:term":[{"taxonomy":"product_cat","embeddable":true,"href":"https:\/\/zam.novoterm.pl\/index.php\/wp-json\/wp\/v2\/product_cat?post=85610"},{"taxonomy":"product_tag","embeddable":true,"href":"https:\/\/zam.novoterm.pl\/index.php\/wp-json\/wp\/v2\/product_tag?post=85610"}],"curies":[{"name":"wp","href":"https:\/\/api.w.org\/{rel}","templated":true}]}}