{"id":85575,"date":"2022-07-21T14:07:53","date_gmt":"2022-07-21T12:07:53","guid":{"rendered":"https:\/\/zam.novoterm.pl\/index.php\/produkt\/oslona-glosnika-wentylatora-do-kabiny-hydromasazowej-kerra-lisa-oviedo-leticia-paulina-vigo-carina-ellen-gabi-gibraltar-glamour-jukon-laguna-mauri-maxi-miranda-mocca-petrus-presto-rita-sena-silver-di\/"},"modified":"2026-04-15T01:12:01","modified_gmt":"2026-04-14T23:12:01","slug":"oslona-glosnika-wentylatora-do-kabiny-hydromasazowej-kerra-lisa-oviedo-leticia-paulina-vigo-carina-ellen-gabi-gibraltar-glamour-jukon-laguna-mauri-maxi-miranda-mocca-petrus-presto-rita-sena-silver-di","status":"publish","type":"product","link":"https:\/\/zam.novoterm.pl\/index.php\/produkt\/oslona-glosnika-wentylatora-do-kabiny-hydromasazowej-kerra-lisa-oviedo-leticia-paulina-vigo-carina-ellen-gabi-gibraltar-glamour-jukon-laguna-mauri-maxi-miranda-mocca-petrus-presto-rita-sena-silver-di\/","title":{"rendered":"os\u0142ona g\u0142o\u015bnika\/wentylatora do kabiny hydromasa\u017cowej Kerra &#8222;Lisa\/Oviedo\/Leticia\/Paulina\/Vigo\/Carina\/Ellen\/Gabi\/Gibraltar\/Glamour\/Jukon\/Laguna\/Mauri\/Maxi\/Miranda\/Mocca\/Petrus\/Presto\/Rita\/Sena\/Silver Diamond\/Silver Prime\/Tuluza&#8221;"},"content":{"rendered":"","protected":false},"excerpt":{"rendered":"","protected":false},"featured_media":128130,"comment_status":"closed","ping_status":"open","template":"","meta":[],"product_cat":[728,731],"product_tag":[],"_links":{"self":[{"href":"https:\/\/zam.novoterm.pl\/index.php\/wp-json\/wp\/v2\/product\/85575"}],"collection":[{"href":"https:\/\/zam.novoterm.pl\/index.php\/wp-json\/wp\/v2\/product"}],"about":[{"href":"https:\/\/zam.novoterm.pl\/index.php\/wp-json\/wp\/v2\/types\/product"}],"replies":[{"embeddable":true,"href":"https:\/\/zam.novoterm.pl\/index.php\/wp-json\/wp\/v2\/comments?post=85575"}],"wp:featuredmedia":[{"embeddable":true,"href":"https:\/\/zam.novoterm.pl\/index.php\/wp-json\/wp\/v2\/media\/128130"}],"wp:attachment":[{"href":"https:\/\/zam.novoterm.pl\/index.php\/wp-json\/wp\/v2\/media?parent=85575"}],"wp:term":[{"taxonomy":"product_cat","embeddable":true,"href":"https:\/\/zam.novoterm.pl\/index.php\/wp-json\/wp\/v2\/product_cat?post=85575"},{"taxonomy":"product_tag","embeddable":true,"href":"https:\/\/zam.novoterm.pl\/index.php\/wp-json\/wp\/v2\/product_tag?post=85575"}],"curies":[{"name":"wp","href":"https:\/\/api.w.org\/{rel}","templated":true}]}}