{"id":85559,"date":"2022-07-21T14:07:34","date_gmt":"2022-07-21T12:07:34","guid":{"rendered":"https:\/\/zam.novoterm.pl\/index.php\/produkt\/opaska-zaciskowa-na-waz-polaczeniowy-do-kabiny-hydromasazowej-panelu-prysznicowego-kerra\/"},"modified":"2026-04-08T01:10:30","modified_gmt":"2026-04-07T23:10:30","slug":"opaska-zaciskowa-na-waz-polaczeniowy-do-kabiny-hydromasazowej-panelu-prysznicowego-kerra","status":"publish","type":"product","link":"https:\/\/zam.novoterm.pl\/index.php\/produkt\/opaska-zaciskowa-na-waz-polaczeniowy-do-kabiny-hydromasazowej-panelu-prysznicowego-kerra\/","title":{"rendered":"opaska zaciskowa na w\u0105\u017c po\u0142\u0105czeniowy do kabiny hydromasa\u017cowej\/panelu prysznicowego Kerra"},"content":{"rendered":"","protected":false},"excerpt":{"rendered":"","protected":false},"featured_media":128119,"comment_status":"closed","ping_status":"open","template":"","meta":[],"product_cat":[728,731,735],"product_tag":[],"_links":{"self":[{"href":"https:\/\/zam.novoterm.pl\/index.php\/wp-json\/wp\/v2\/product\/85559"}],"collection":[{"href":"https:\/\/zam.novoterm.pl\/index.php\/wp-json\/wp\/v2\/product"}],"about":[{"href":"https:\/\/zam.novoterm.pl\/index.php\/wp-json\/wp\/v2\/types\/product"}],"replies":[{"embeddable":true,"href":"https:\/\/zam.novoterm.pl\/index.php\/wp-json\/wp\/v2\/comments?post=85559"}],"wp:featuredmedia":[{"embeddable":true,"href":"https:\/\/zam.novoterm.pl\/index.php\/wp-json\/wp\/v2\/media\/128119"}],"wp:attachment":[{"href":"https:\/\/zam.novoterm.pl\/index.php\/wp-json\/wp\/v2\/media?parent=85559"}],"wp:term":[{"taxonomy":"product_cat","embeddable":true,"href":"https:\/\/zam.novoterm.pl\/index.php\/wp-json\/wp\/v2\/product_cat?post=85559"},{"taxonomy":"product_tag","embeddable":true,"href":"https:\/\/zam.novoterm.pl\/index.php\/wp-json\/wp\/v2\/product_tag?post=85559"}],"curies":[{"name":"wp","href":"https:\/\/api.w.org\/{rel}","templated":true}]}}