{"id":85481,"date":"2022-07-21T14:06:46","date_gmt":"2022-07-21T12:06:46","guid":{"rendered":"https:\/\/zam.novoterm.pl\/index.php\/produkt\/glowica-przelacznika-lena\/"},"modified":"2026-04-08T17:40:41","modified_gmt":"2026-04-08T15:40:41","slug":"glowica-przelacznika-lena","status":"publish","type":"product","link":"https:\/\/zam.novoterm.pl\/index.php\/produkt\/glowica-przelacznika-lena\/","title":{"rendered":"g\u0142owica prze\u0142\u0105cznika Lena"},"content":{"rendered":"","protected":false},"excerpt":{"rendered":"","protected":false},"featured_media":128074,"comment_status":"closed","ping_status":"open","template":"","meta":[],"product_cat":[728,731],"product_tag":[],"_links":{"self":[{"href":"https:\/\/zam.novoterm.pl\/index.php\/wp-json\/wp\/v2\/product\/85481"}],"collection":[{"href":"https:\/\/zam.novoterm.pl\/index.php\/wp-json\/wp\/v2\/product"}],"about":[{"href":"https:\/\/zam.novoterm.pl\/index.php\/wp-json\/wp\/v2\/types\/product"}],"replies":[{"embeddable":true,"href":"https:\/\/zam.novoterm.pl\/index.php\/wp-json\/wp\/v2\/comments?post=85481"}],"wp:featuredmedia":[{"embeddable":true,"href":"https:\/\/zam.novoterm.pl\/index.php\/wp-json\/wp\/v2\/media\/128074"}],"wp:attachment":[{"href":"https:\/\/zam.novoterm.pl\/index.php\/wp-json\/wp\/v2\/media?parent=85481"}],"wp:term":[{"taxonomy":"product_cat","embeddable":true,"href":"https:\/\/zam.novoterm.pl\/index.php\/wp-json\/wp\/v2\/product_cat?post=85481"},{"taxonomy":"product_tag","embeddable":true,"href":"https:\/\/zam.novoterm.pl\/index.php\/wp-json\/wp\/v2\/product_tag?post=85481"}],"curies":[{"name":"wp","href":"https:\/\/api.w.org\/{rel}","templated":true}]}}