{"id":85345,"date":"2022-07-21T14:05:06","date_gmt":"2022-07-21T12:05:06","guid":{"rendered":"https:\/\/zam.novoterm.pl\/index.php\/produkt\/waz-natryskowy-do-kabiny-hydromasazowej-kerra-karolina-lisa-oviedo-paulina-strada-vigo-jukon-laguna-leticia-mia-presto-silver-prime-120-cm\/"},"modified":"2026-04-15T01:11:11","modified_gmt":"2026-04-14T23:11:11","slug":"waz-natryskowy-do-kabiny-hydromasazowej-kerra-karolina-lisa-oviedo-paulina-strada-vigo-jukon-laguna-leticia-mia-presto-silver-prime-120-cm","status":"publish","type":"product","link":"https:\/\/zam.novoterm.pl\/index.php\/produkt\/waz-natryskowy-do-kabiny-hydromasazowej-kerra-karolina-lisa-oviedo-paulina-strada-vigo-jukon-laguna-leticia-mia-presto-silver-prime-120-cm\/","title":{"rendered":"w\u0105\u017c natryskowy do kabiny hydromasa\u017cowej Kerra &#8222;Karolina\/Lisa\/Oviedo\/Paulina\/Strada\/Vigo\/Jukon\/Laguna\/Leticia\/MIA\/Presto\/Silver Prime&#8221; &#8211; 120 cm"},"content":{"rendered":"","protected":false},"excerpt":{"rendered":"","protected":false},"featured_media":127989,"comment_status":"closed","ping_status":"open","template":"","meta":[],"product_cat":[730,728,731,737,735,736,743],"product_tag":[],"_links":{"self":[{"href":"https:\/\/zam.novoterm.pl\/index.php\/wp-json\/wp\/v2\/product\/85345"}],"collection":[{"href":"https:\/\/zam.novoterm.pl\/index.php\/wp-json\/wp\/v2\/product"}],"about":[{"href":"https:\/\/zam.novoterm.pl\/index.php\/wp-json\/wp\/v2\/types\/product"}],"replies":[{"embeddable":true,"href":"https:\/\/zam.novoterm.pl\/index.php\/wp-json\/wp\/v2\/comments?post=85345"}],"wp:featuredmedia":[{"embeddable":true,"href":"https:\/\/zam.novoterm.pl\/index.php\/wp-json\/wp\/v2\/media\/127989"}],"wp:attachment":[{"href":"https:\/\/zam.novoterm.pl\/index.php\/wp-json\/wp\/v2\/media?parent=85345"}],"wp:term":[{"taxonomy":"product_cat","embeddable":true,"href":"https:\/\/zam.novoterm.pl\/index.php\/wp-json\/wp\/v2\/product_cat?post=85345"},{"taxonomy":"product_tag","embeddable":true,"href":"https:\/\/zam.novoterm.pl\/index.php\/wp-json\/wp\/v2\/product_tag?post=85345"}],"curies":[{"name":"wp","href":"https:\/\/api.w.org\/{rel}","templated":true}]}}