{"id":85206,"date":"2022-07-21T14:03:35","date_gmt":"2022-07-21T12:03:35","guid":{"rendered":"https:\/\/zam.novoterm.pl\/index.php\/produkt\/kolanko-do-weza-polaczeniowego-do-kabiny-panelu-kerra-twin-karolina-lisa-oviedo-leticia-paulina-strada-vigo-spa-carlos-cristina-faro-ivo-juan-jukon-kalina-kornelia-laguna-lena-malaga-mia-mocca-p-135\/"},"modified":"2026-04-15T01:10:28","modified_gmt":"2026-04-14T23:10:28","slug":"kolanko-do-weza-polaczeniowego-do-kabiny-panelu-kerra-twin-karolina-lisa-oviedo-leticia-paulina-strada-vigo-spa-carlos-cristina-faro-ivo-juan-jukon-kalina-kornelia-laguna-lena-malaga-mia-mocca-p-135","status":"publish","type":"product","link":"https:\/\/zam.novoterm.pl\/index.php\/produkt\/kolanko-do-weza-polaczeniowego-do-kabiny-panelu-kerra-twin-karolina-lisa-oviedo-leticia-paulina-strada-vigo-spa-carlos-cristina-faro-ivo-juan-jukon-kalina-kornelia-laguna-lena-malaga-mia-mocca-p-135\/","title":{"rendered":"kolanko do w\u0119\u017ca po\u0142\u0105czeniowego do kabiny\/panelu Kerra &#8222;Twin\/Karolina\/Lisa\/Oviedo\/Leticia\/Paulina\/Strada\/Vigo\/Spa\/Carlos\/Cristina\/Faro\/IVO\/Juan\/Jukon\/Kalina\/Kornelia\/Laguna\/Lena\/Malaga\/MIA\/Mocca\/P 135\/Petrus\/Presto\/Silver Prime\/XL\/Cleo\/Erik\/Moonlight\/Tore&#8221;"},"content":{"rendered":"","protected":false},"excerpt":{"rendered":"","protected":false},"featured_media":127908,"comment_status":"closed","ping_status":"open","template":"","meta":[],"product_cat":[728,731,737,735],"product_tag":[],"_links":{"self":[{"href":"https:\/\/zam.novoterm.pl\/index.php\/wp-json\/wp\/v2\/product\/85206"}],"collection":[{"href":"https:\/\/zam.novoterm.pl\/index.php\/wp-json\/wp\/v2\/product"}],"about":[{"href":"https:\/\/zam.novoterm.pl\/index.php\/wp-json\/wp\/v2\/types\/product"}],"replies":[{"embeddable":true,"href":"https:\/\/zam.novoterm.pl\/index.php\/wp-json\/wp\/v2\/comments?post=85206"}],"wp:featuredmedia":[{"embeddable":true,"href":"https:\/\/zam.novoterm.pl\/index.php\/wp-json\/wp\/v2\/media\/127908"}],"wp:attachment":[{"href":"https:\/\/zam.novoterm.pl\/index.php\/wp-json\/wp\/v2\/media?parent=85206"}],"wp:term":[{"taxonomy":"product_cat","embeddable":true,"href":"https:\/\/zam.novoterm.pl\/index.php\/wp-json\/wp\/v2\/product_cat?post=85206"},{"taxonomy":"product_tag","embeddable":true,"href":"https:\/\/zam.novoterm.pl\/index.php\/wp-json\/wp\/v2\/product_tag?post=85206"}],"curies":[{"name":"wp","href":"https:\/\/api.w.org\/{rel}","templated":true}]}}