{"id":85173,"date":"2022-07-21T14:03:09","date_gmt":"2022-07-21T12:03:09","guid":{"rendered":"https:\/\/zam.novoterm.pl\/index.php\/produkt\/rolka-gorna-do-kabin-drzwi-kerra-kolko-22-mm-leticia\/"},"modified":"2026-04-08T01:11:52","modified_gmt":"2026-04-07T23:11:52","slug":"rolka-gorna-do-kabin-drzwi-kerra-kolko-22-mm-leticia","status":"publish","type":"product","link":"https:\/\/zam.novoterm.pl\/index.php\/produkt\/rolka-gorna-do-kabin-drzwi-kerra-kolko-22-mm-leticia\/","title":{"rendered":"Rolka g\u00f3rna do kabin, drzwi Kerra &#8211; k\u00f3\u0142ko 22 mm (Leticia)"},"content":{"rendered":"","protected":false},"excerpt":{"rendered":"","protected":false},"featured_media":127887,"comment_status":"closed","ping_status":"open","template":"","meta":[],"product_cat":[732,728,738,731,737,742],"product_tag":[],"_links":{"self":[{"href":"https:\/\/zam.novoterm.pl\/index.php\/wp-json\/wp\/v2\/product\/85173"}],"collection":[{"href":"https:\/\/zam.novoterm.pl\/index.php\/wp-json\/wp\/v2\/product"}],"about":[{"href":"https:\/\/zam.novoterm.pl\/index.php\/wp-json\/wp\/v2\/types\/product"}],"replies":[{"embeddable":true,"href":"https:\/\/zam.novoterm.pl\/index.php\/wp-json\/wp\/v2\/comments?post=85173"}],"wp:featuredmedia":[{"embeddable":true,"href":"https:\/\/zam.novoterm.pl\/index.php\/wp-json\/wp\/v2\/media\/127887"}],"wp:attachment":[{"href":"https:\/\/zam.novoterm.pl\/index.php\/wp-json\/wp\/v2\/media?parent=85173"}],"wp:term":[{"taxonomy":"product_cat","embeddable":true,"href":"https:\/\/zam.novoterm.pl\/index.php\/wp-json\/wp\/v2\/product_cat?post=85173"},{"taxonomy":"product_tag","embeddable":true,"href":"https:\/\/zam.novoterm.pl\/index.php\/wp-json\/wp\/v2\/product_tag?post=85173"}],"curies":[{"name":"wp","href":"https:\/\/api.w.org\/{rel}","templated":true}]}}