{"id":85140,"date":"2022-07-21T14:02:49","date_gmt":"2022-07-21T12:02:49","guid":{"rendered":"https:\/\/zam.novoterm.pl\/index.php\/produkt\/szyba-panelu-prawa-spa-twin-l-na-polke\/"},"modified":"2026-04-15T01:11:36","modified_gmt":"2026-04-14T23:11:36","slug":"szyba-panelu-prawa-spa-twin-l-na-polke","status":"publish","type":"product","link":"https:\/\/zam.novoterm.pl\/index.php\/produkt\/szyba-panelu-prawa-spa-twin-l-na-polke\/","title":{"rendered":"szyba panelu prawa Spa\/Twin L (na p\u00f3\u0142k\u0119)"},"content":{"rendered":"","protected":false},"excerpt":{"rendered":"","protected":false},"featured_media":127871,"comment_status":"closed","ping_status":"open","template":"","meta":[],"product_cat":[728,731],"product_tag":[],"_links":{"self":[{"href":"https:\/\/zam.novoterm.pl\/index.php\/wp-json\/wp\/v2\/product\/85140"}],"collection":[{"href":"https:\/\/zam.novoterm.pl\/index.php\/wp-json\/wp\/v2\/product"}],"about":[{"href":"https:\/\/zam.novoterm.pl\/index.php\/wp-json\/wp\/v2\/types\/product"}],"replies":[{"embeddable":true,"href":"https:\/\/zam.novoterm.pl\/index.php\/wp-json\/wp\/v2\/comments?post=85140"}],"wp:featuredmedia":[{"embeddable":true,"href":"https:\/\/zam.novoterm.pl\/index.php\/wp-json\/wp\/v2\/media\/127871"}],"wp:attachment":[{"href":"https:\/\/zam.novoterm.pl\/index.php\/wp-json\/wp\/v2\/media?parent=85140"}],"wp:term":[{"taxonomy":"product_cat","embeddable":true,"href":"https:\/\/zam.novoterm.pl\/index.php\/wp-json\/wp\/v2\/product_cat?post=85140"},{"taxonomy":"product_tag","embeddable":true,"href":"https:\/\/zam.novoterm.pl\/index.php\/wp-json\/wp\/v2\/product_tag?post=85140"}],"curies":[{"name":"wp","href":"https:\/\/api.w.org\/{rel}","templated":true}]}}