{"id":85124,"date":"2022-07-21T14:02:36","date_gmt":"2022-07-21T12:02:36","guid":{"rendered":"https:\/\/zam.novoterm.pl\/index.php\/produkt\/zawor-napelniajacy-korab\/"},"modified":"2026-04-08T01:11:22","modified_gmt":"2026-04-07T23:11:22","slug":"zawor-napelniajacy-korab","status":"publish","type":"product","link":"https:\/\/zam.novoterm.pl\/index.php\/produkt\/zawor-napelniajacy-korab\/","title":{"rendered":"zaw\u00f3r nape\u0142niaj\u0105cy Korab"},"content":{"rendered":"","protected":false},"excerpt":{"rendered":"","protected":false},"featured_media":127865,"comment_status":"closed","ping_status":"open","template":"","meta":[],"product_cat":[728,729],"product_tag":[],"_links":{"self":[{"href":"https:\/\/zam.novoterm.pl\/index.php\/wp-json\/wp\/v2\/product\/85124"}],"collection":[{"href":"https:\/\/zam.novoterm.pl\/index.php\/wp-json\/wp\/v2\/product"}],"about":[{"href":"https:\/\/zam.novoterm.pl\/index.php\/wp-json\/wp\/v2\/types\/product"}],"replies":[{"embeddable":true,"href":"https:\/\/zam.novoterm.pl\/index.php\/wp-json\/wp\/v2\/comments?post=85124"}],"wp:featuredmedia":[{"embeddable":true,"href":"https:\/\/zam.novoterm.pl\/index.php\/wp-json\/wp\/v2\/media\/127865"}],"wp:attachment":[{"href":"https:\/\/zam.novoterm.pl\/index.php\/wp-json\/wp\/v2\/media?parent=85124"}],"wp:term":[{"taxonomy":"product_cat","embeddable":true,"href":"https:\/\/zam.novoterm.pl\/index.php\/wp-json\/wp\/v2\/product_cat?post=85124"},{"taxonomy":"product_tag","embeddable":true,"href":"https:\/\/zam.novoterm.pl\/index.php\/wp-json\/wp\/v2\/product_tag?post=85124"}],"curies":[{"name":"wp","href":"https:\/\/api.w.org\/{rel}","templated":true}]}}