{"id":85122,"date":"2022-07-21T14:02:36","date_gmt":"2022-07-21T12:02:36","guid":{"rendered":"https:\/\/zam.novoterm.pl\/index.php\/produkt\/zawor-napelniajacy-do-stelaza-kerra-k-50-k-50-fit-ocean-summer-spring\/"},"modified":"2026-04-08T07:15:50","modified_gmt":"2026-04-08T05:15:50","slug":"zawor-napelniajacy-do-stelaza-kerra-k-50-k-50-fit-ocean-summer-spring","status":"publish","type":"product","link":"https:\/\/zam.novoterm.pl\/index.php\/produkt\/zawor-napelniajacy-do-stelaza-kerra-k-50-k-50-fit-ocean-summer-spring\/","title":{"rendered":"Zaw\u00f3r nape\u0142niaj\u0105cy do stela\u017ca Kerra &#8222;K 50\/K 50 FIT\/Ocean\/Summer\/Spring&#8221;"},"content":{"rendered":"","protected":false},"excerpt":{"rendered":"","protected":false},"featured_media":127863,"comment_status":"closed","ping_status":"open","template":"","meta":[],"product_cat":[728,729],"product_tag":[],"_links":{"self":[{"href":"https:\/\/zam.novoterm.pl\/index.php\/wp-json\/wp\/v2\/product\/85122"}],"collection":[{"href":"https:\/\/zam.novoterm.pl\/index.php\/wp-json\/wp\/v2\/product"}],"about":[{"href":"https:\/\/zam.novoterm.pl\/index.php\/wp-json\/wp\/v2\/types\/product"}],"replies":[{"embeddable":true,"href":"https:\/\/zam.novoterm.pl\/index.php\/wp-json\/wp\/v2\/comments?post=85122"}],"wp:featuredmedia":[{"embeddable":true,"href":"https:\/\/zam.novoterm.pl\/index.php\/wp-json\/wp\/v2\/media\/127863"}],"wp:attachment":[{"href":"https:\/\/zam.novoterm.pl\/index.php\/wp-json\/wp\/v2\/media?parent=85122"}],"wp:term":[{"taxonomy":"product_cat","embeddable":true,"href":"https:\/\/zam.novoterm.pl\/index.php\/wp-json\/wp\/v2\/product_cat?post=85122"},{"taxonomy":"product_tag","embeddable":true,"href":"https:\/\/zam.novoterm.pl\/index.php\/wp-json\/wp\/v2\/product_tag?post=85122"}],"curies":[{"name":"wp","href":"https:\/\/api.w.org\/{rel}","templated":true}]}}