{"id":85110,"date":"2022-07-21T14:02:20","date_gmt":"2022-07-21T12:02:20","guid":{"rendered":"https:\/\/zam.novoterm.pl\/index.php\/produkt\/rolka-mimosrodowa-pojedyncza-z-kolkiem-23-mm-do-kabiny-hydromasazowej-kerra-laguna-roma\/"},"modified":"2026-04-15T08:12:28","modified_gmt":"2026-04-15T06:12:28","slug":"rolka-mimosrodowa-pojedyncza-z-kolkiem-23-mm-do-kabiny-hydromasazowej-kerra-laguna-roma","status":"publish","type":"product","link":"https:\/\/zam.novoterm.pl\/index.php\/produkt\/rolka-mimosrodowa-pojedyncza-z-kolkiem-23-mm-do-kabiny-hydromasazowej-kerra-laguna-roma\/","title":{"rendered":"Rolka mimo\u015brodowa pojedyncza z k\u00f3\u0142kiem 23 mm do kabiny hydromasa\u017cowej Kerra &#8222;Laguna\/Roma&#8221;"},"content":{"rendered":"","protected":false},"excerpt":{"rendered":"","protected":false},"featured_media":137319,"comment_status":"closed","ping_status":"open","template":"","meta":[],"product_cat":[732,728,738,731,737,739,742],"product_tag":[],"_links":{"self":[{"href":"https:\/\/zam.novoterm.pl\/index.php\/wp-json\/wp\/v2\/product\/85110"}],"collection":[{"href":"https:\/\/zam.novoterm.pl\/index.php\/wp-json\/wp\/v2\/product"}],"about":[{"href":"https:\/\/zam.novoterm.pl\/index.php\/wp-json\/wp\/v2\/types\/product"}],"replies":[{"embeddable":true,"href":"https:\/\/zam.novoterm.pl\/index.php\/wp-json\/wp\/v2\/comments?post=85110"}],"wp:featuredmedia":[{"embeddable":true,"href":"https:\/\/zam.novoterm.pl\/index.php\/wp-json\/wp\/v2\/media\/137319"}],"wp:attachment":[{"href":"https:\/\/zam.novoterm.pl\/index.php\/wp-json\/wp\/v2\/media?parent=85110"}],"wp:term":[{"taxonomy":"product_cat","embeddable":true,"href":"https:\/\/zam.novoterm.pl\/index.php\/wp-json\/wp\/v2\/product_cat?post=85110"},{"taxonomy":"product_tag","embeddable":true,"href":"https:\/\/zam.novoterm.pl\/index.php\/wp-json\/wp\/v2\/product_tag?post=85110"}],"curies":[{"name":"wp","href":"https:\/\/api.w.org\/{rel}","templated":true}]}}