{"id":85080,"date":"2022-07-21T14:01:53","date_gmt":"2022-07-21T12:01:53","guid":{"rendered":"https:\/\/zam.novoterm.pl\/index.php\/produkt\/przyl-weza-natr-claire-silver-nelduze\/"},"modified":"2026-04-15T08:10:50","modified_gmt":"2026-04-15T06:10:50","slug":"przyl-weza-natr-claire-silver-nelduze","status":"publish","type":"product","link":"https:\/\/zam.novoterm.pl\/index.php\/produkt\/przyl-weza-natr-claire-silver-nelduze\/","title":{"rendered":"przy\u0142. w\u0119\u017ca natr Claire\/Silver\/Nel(du\u017ce)"},"content":{"rendered":"","protected":false},"excerpt":{"rendered":"","protected":false},"featured_media":127835,"comment_status":"closed","ping_status":"open","template":"","meta":[],"product_cat":[728,731,735],"product_tag":[],"_links":{"self":[{"href":"https:\/\/zam.novoterm.pl\/index.php\/wp-json\/wp\/v2\/product\/85080"}],"collection":[{"href":"https:\/\/zam.novoterm.pl\/index.php\/wp-json\/wp\/v2\/product"}],"about":[{"href":"https:\/\/zam.novoterm.pl\/index.php\/wp-json\/wp\/v2\/types\/product"}],"replies":[{"embeddable":true,"href":"https:\/\/zam.novoterm.pl\/index.php\/wp-json\/wp\/v2\/comments?post=85080"}],"wp:featuredmedia":[{"embeddable":true,"href":"https:\/\/zam.novoterm.pl\/index.php\/wp-json\/wp\/v2\/media\/127835"}],"wp:attachment":[{"href":"https:\/\/zam.novoterm.pl\/index.php\/wp-json\/wp\/v2\/media?parent=85080"}],"wp:term":[{"taxonomy":"product_cat","embeddable":true,"href":"https:\/\/zam.novoterm.pl\/index.php\/wp-json\/wp\/v2\/product_cat?post=85080"},{"taxonomy":"product_tag","embeddable":true,"href":"https:\/\/zam.novoterm.pl\/index.php\/wp-json\/wp\/v2\/product_tag?post=85080"}],"curies":[{"name":"wp","href":"https:\/\/api.w.org\/{rel}","templated":true}]}}