{"id":85074,"date":"2022-07-21T14:01:49","date_gmt":"2022-07-21T12:01:49","guid":{"rendered":"https:\/\/zam.novoterm.pl\/index.php\/produkt\/kolanko-mosiezne-do-weza-polaczeniowego-do-kabin-paneli-kerra\/"},"modified":"2026-04-08T01:10:36","modified_gmt":"2026-04-07T23:10:36","slug":"kolanko-mosiezne-do-weza-polaczeniowego-do-kabin-paneli-kerra","status":"publish","type":"product","link":"https:\/\/zam.novoterm.pl\/index.php\/produkt\/kolanko-mosiezne-do-weza-polaczeniowego-do-kabin-paneli-kerra\/","title":{"rendered":"Kolanko mosi\u0119\u017cne do w\u0119\u017ca po\u0142\u0105czeniowego do kabin, paneli &#8222;Kerra&#8221;"},"content":{"rendered":"","protected":false},"excerpt":{"rendered":"","protected":false},"featured_media":127828,"comment_status":"closed","ping_status":"open","template":"","meta":[],"product_cat":[728,731,735],"product_tag":[],"_links":{"self":[{"href":"https:\/\/zam.novoterm.pl\/index.php\/wp-json\/wp\/v2\/product\/85074"}],"collection":[{"href":"https:\/\/zam.novoterm.pl\/index.php\/wp-json\/wp\/v2\/product"}],"about":[{"href":"https:\/\/zam.novoterm.pl\/index.php\/wp-json\/wp\/v2\/types\/product"}],"replies":[{"embeddable":true,"href":"https:\/\/zam.novoterm.pl\/index.php\/wp-json\/wp\/v2\/comments?post=85074"}],"wp:featuredmedia":[{"embeddable":true,"href":"https:\/\/zam.novoterm.pl\/index.php\/wp-json\/wp\/v2\/media\/127828"}],"wp:attachment":[{"href":"https:\/\/zam.novoterm.pl\/index.php\/wp-json\/wp\/v2\/media?parent=85074"}],"wp:term":[{"taxonomy":"product_cat","embeddable":true,"href":"https:\/\/zam.novoterm.pl\/index.php\/wp-json\/wp\/v2\/product_cat?post=85074"},{"taxonomy":"product_tag","embeddable":true,"href":"https:\/\/zam.novoterm.pl\/index.php\/wp-json\/wp\/v2\/product_tag?post=85074"}],"curies":[{"name":"wp","href":"https:\/\/api.w.org\/{rel}","templated":true}]}}