{"id":75368,"date":"2021-09-30T17:40:18","date_gmt":"2021-09-30T15:40:18","guid":{"rendered":"https:\/\/zam.novoterm.pl\/index.php\/produkt\/przylacze-weza-natryskowego-do-kabiny-hydromasazowej-kerra-petrus\/"},"modified":"2026-04-07T01:31:17","modified_gmt":"2026-04-06T23:31:17","slug":"przylacze-weza-natryskowego-do-kabiny-hydromasazowej-kerra-petrus","status":"publish","type":"product","link":"https:\/\/zam.novoterm.pl\/index.php\/produkt\/przylacze-weza-natryskowego-do-kabiny-hydromasazowej-kerra-petrus\/","title":{"rendered":"przy\u0142\u0105cze w\u0119\u017ca natryskowego do kabiny hydromasa\u017cowej Kerra &#8222;Petrus&#8221;"},"content":{"rendered":"","protected":false},"excerpt":{"rendered":"","protected":false},"featured_media":130415,"comment_status":"closed","ping_status":"open","template":"","meta":[],"product_cat":[728,731,735,736,743],"product_tag":[],"_links":{"self":[{"href":"https:\/\/zam.novoterm.pl\/index.php\/wp-json\/wp\/v2\/product\/75368"}],"collection":[{"href":"https:\/\/zam.novoterm.pl\/index.php\/wp-json\/wp\/v2\/product"}],"about":[{"href":"https:\/\/zam.novoterm.pl\/index.php\/wp-json\/wp\/v2\/types\/product"}],"replies":[{"embeddable":true,"href":"https:\/\/zam.novoterm.pl\/index.php\/wp-json\/wp\/v2\/comments?post=75368"}],"wp:featuredmedia":[{"embeddable":true,"href":"https:\/\/zam.novoterm.pl\/index.php\/wp-json\/wp\/v2\/media\/130415"}],"wp:attachment":[{"href":"https:\/\/zam.novoterm.pl\/index.php\/wp-json\/wp\/v2\/media?parent=75368"}],"wp:term":[{"taxonomy":"product_cat","embeddable":true,"href":"https:\/\/zam.novoterm.pl\/index.php\/wp-json\/wp\/v2\/product_cat?post=75368"},{"taxonomy":"product_tag","embeddable":true,"href":"https:\/\/zam.novoterm.pl\/index.php\/wp-json\/wp\/v2\/product_tag?post=75368"}],"curies":[{"name":"wp","href":"https:\/\/api.w.org\/{rel}","templated":true}]}}