{"id":75366,"date":"2021-09-30T17:40:05","date_gmt":"2021-09-30T15:40:05","guid":{"rendered":"https:\/\/zam.novoterm.pl\/index.php\/produkt\/polka-do-kabiny-hydromasazowej-kerra-petrus\/"},"modified":"2026-04-07T09:55:54","modified_gmt":"2026-04-07T07:55:54","slug":"polka-do-kabiny-hydromasazowej-kerra-petrus","status":"publish","type":"product","link":"https:\/\/zam.novoterm.pl\/index.php\/produkt\/polka-do-kabiny-hydromasazowej-kerra-petrus\/","title":{"rendered":"p\u00f3\u0142ka do kabiny hydromasa\u017cowej Kerra &#8222;Petrus&#8221;"},"content":{"rendered":"","protected":false},"excerpt":{"rendered":"","protected":false},"featured_media":130414,"comment_status":"closed","ping_status":"open","template":"","meta":[],"product_cat":[728,731],"product_tag":[],"_links":{"self":[{"href":"https:\/\/zam.novoterm.pl\/index.php\/wp-json\/wp\/v2\/product\/75366"}],"collection":[{"href":"https:\/\/zam.novoterm.pl\/index.php\/wp-json\/wp\/v2\/product"}],"about":[{"href":"https:\/\/zam.novoterm.pl\/index.php\/wp-json\/wp\/v2\/types\/product"}],"replies":[{"embeddable":true,"href":"https:\/\/zam.novoterm.pl\/index.php\/wp-json\/wp\/v2\/comments?post=75366"}],"wp:featuredmedia":[{"embeddable":true,"href":"https:\/\/zam.novoterm.pl\/index.php\/wp-json\/wp\/v2\/media\/130414"}],"wp:attachment":[{"href":"https:\/\/zam.novoterm.pl\/index.php\/wp-json\/wp\/v2\/media?parent=75366"}],"wp:term":[{"taxonomy":"product_cat","embeddable":true,"href":"https:\/\/zam.novoterm.pl\/index.php\/wp-json\/wp\/v2\/product_cat?post=75366"},{"taxonomy":"product_tag","embeddable":true,"href":"https:\/\/zam.novoterm.pl\/index.php\/wp-json\/wp\/v2\/product_tag?post=75366"}],"curies":[{"name":"wp","href":"https:\/\/api.w.org\/{rel}","templated":true}]}}