{"id":72527,"date":"2021-07-13T17:12:35","date_gmt":"2021-07-13T15:12:35","guid":{"rendered":"https:\/\/zam.novoterm.pl\/index.php\/produkt\/trojnik-weza-polaczeniowego-do-kabiny-hydromasazowej-kerra-bjorg\/"},"modified":"2026-04-08T01:10:36","modified_gmt":"2026-04-07T23:10:36","slug":"trojnik-weza-polaczeniowego-do-kabiny-hydromasazowej-kerra-bjorg","status":"publish","type":"product","link":"https:\/\/zam.novoterm.pl\/index.php\/produkt\/trojnik-weza-polaczeniowego-do-kabiny-hydromasazowej-kerra-bjorg\/","title":{"rendered":"tr\u00f3jnik w\u0119\u017ca po\u0142\u0105czeniowego do kabiny hydromasa\u017cowej Kerra &#8222;Bjorg&#8221;"},"content":{"rendered":"","protected":false},"excerpt":{"rendered":"","protected":false},"featured_media":130136,"comment_status":"closed","ping_status":"open","template":"","meta":[],"product_cat":[728,731,735,736],"product_tag":[],"_links":{"self":[{"href":"https:\/\/zam.novoterm.pl\/index.php\/wp-json\/wp\/v2\/product\/72527"}],"collection":[{"href":"https:\/\/zam.novoterm.pl\/index.php\/wp-json\/wp\/v2\/product"}],"about":[{"href":"https:\/\/zam.novoterm.pl\/index.php\/wp-json\/wp\/v2\/types\/product"}],"replies":[{"embeddable":true,"href":"https:\/\/zam.novoterm.pl\/index.php\/wp-json\/wp\/v2\/comments?post=72527"}],"wp:featuredmedia":[{"embeddable":true,"href":"https:\/\/zam.novoterm.pl\/index.php\/wp-json\/wp\/v2\/media\/130136"}],"wp:attachment":[{"href":"https:\/\/zam.novoterm.pl\/index.php\/wp-json\/wp\/v2\/media?parent=72527"}],"wp:term":[{"taxonomy":"product_cat","embeddable":true,"href":"https:\/\/zam.novoterm.pl\/index.php\/wp-json\/wp\/v2\/product_cat?post=72527"},{"taxonomy":"product_tag","embeddable":true,"href":"https:\/\/zam.novoterm.pl\/index.php\/wp-json\/wp\/v2\/product_tag?post=72527"}],"curies":[{"name":"wp","href":"https:\/\/api.w.org\/{rel}","templated":true}]}}