{"id":72517,"date":"2021-07-13T17:12:14","date_gmt":"2021-07-13T15:12:14","guid":{"rendered":"https:\/\/zam.novoterm.pl\/index.php\/produkt\/narozna-polka-do-kabiny-hydromasazowej-kerra-bjorg\/"},"modified":"2026-04-08T01:12:03","modified_gmt":"2026-04-07T23:12:03","slug":"narozna-polka-do-kabiny-hydromasazowej-kerra-bjorg","status":"publish","type":"product","link":"https:\/\/zam.novoterm.pl\/index.php\/produkt\/narozna-polka-do-kabiny-hydromasazowej-kerra-bjorg\/","title":{"rendered":"naro\u017cna p\u00f3\u0142ka do kabiny hydromasa\u017cowej Kerra &#8222;Bjorg&#8221;"},"content":{"rendered":"","protected":false},"excerpt":{"rendered":"","protected":false},"featured_media":130129,"comment_status":"closed","ping_status":"open","template":"","meta":[],"product_cat":[728,731],"product_tag":[],"_links":{"self":[{"href":"https:\/\/zam.novoterm.pl\/index.php\/wp-json\/wp\/v2\/product\/72517"}],"collection":[{"href":"https:\/\/zam.novoterm.pl\/index.php\/wp-json\/wp\/v2\/product"}],"about":[{"href":"https:\/\/zam.novoterm.pl\/index.php\/wp-json\/wp\/v2\/types\/product"}],"replies":[{"embeddable":true,"href":"https:\/\/zam.novoterm.pl\/index.php\/wp-json\/wp\/v2\/comments?post=72517"}],"wp:featuredmedia":[{"embeddable":true,"href":"https:\/\/zam.novoterm.pl\/index.php\/wp-json\/wp\/v2\/media\/130129"}],"wp:attachment":[{"href":"https:\/\/zam.novoterm.pl\/index.php\/wp-json\/wp\/v2\/media?parent=72517"}],"wp:term":[{"taxonomy":"product_cat","embeddable":true,"href":"https:\/\/zam.novoterm.pl\/index.php\/wp-json\/wp\/v2\/product_cat?post=72517"},{"taxonomy":"product_tag","embeddable":true,"href":"https:\/\/zam.novoterm.pl\/index.php\/wp-json\/wp\/v2\/product_tag?post=72517"}],"curies":[{"name":"wp","href":"https:\/\/api.w.org\/{rel}","templated":true}]}}