{"id":72515,"date":"2021-07-13T17:12:14","date_gmt":"2021-07-13T15:12:14","guid":{"rendered":"https:\/\/zam.novoterm.pl\/index.php\/produkt\/oslona-glowicy-do-kabiny-hydromasazowej-kerra-argo-rita-miranda-pedros\/"},"modified":"2026-04-15T01:10:48","modified_gmt":"2026-04-14T23:10:48","slug":"oslona-glowicy-do-kabiny-hydromasazowej-kerra-argo-rita-miranda-pedros","status":"publish","type":"product","link":"https:\/\/zam.novoterm.pl\/index.php\/produkt\/oslona-glowicy-do-kabiny-hydromasazowej-kerra-argo-rita-miranda-pedros\/","title":{"rendered":"os\u0142ona g\u0142owicy do kabiny hydromasa\u017cowej Kerra &#8222;Argo\/Rita\/Miranda\/Pedros&#8221;"},"content":{"rendered":"","protected":false},"excerpt":{"rendered":"","protected":false},"featured_media":130127,"comment_status":"closed","ping_status":"open","template":"","meta":[],"product_cat":[728,731],"product_tag":[],"_links":{"self":[{"href":"https:\/\/zam.novoterm.pl\/index.php\/wp-json\/wp\/v2\/product\/72515"}],"collection":[{"href":"https:\/\/zam.novoterm.pl\/index.php\/wp-json\/wp\/v2\/product"}],"about":[{"href":"https:\/\/zam.novoterm.pl\/index.php\/wp-json\/wp\/v2\/types\/product"}],"replies":[{"embeddable":true,"href":"https:\/\/zam.novoterm.pl\/index.php\/wp-json\/wp\/v2\/comments?post=72515"}],"wp:featuredmedia":[{"embeddable":true,"href":"https:\/\/zam.novoterm.pl\/index.php\/wp-json\/wp\/v2\/media\/130127"}],"wp:attachment":[{"href":"https:\/\/zam.novoterm.pl\/index.php\/wp-json\/wp\/v2\/media?parent=72515"}],"wp:term":[{"taxonomy":"product_cat","embeddable":true,"href":"https:\/\/zam.novoterm.pl\/index.php\/wp-json\/wp\/v2\/product_cat?post=72515"},{"taxonomy":"product_tag","embeddable":true,"href":"https:\/\/zam.novoterm.pl\/index.php\/wp-json\/wp\/v2\/product_tag?post=72515"}],"curies":[{"name":"wp","href":"https:\/\/api.w.org\/{rel}","templated":true}]}}