{"id":72513,"date":"2021-07-13T17:12:14","date_gmt":"2021-07-13T15:12:14","guid":{"rendered":"https:\/\/zam.novoterm.pl\/index.php\/produkt\/uchwyt-lacznik-szyby-bocznej-do-kabiny-hydromasazowej-kerra-bjorg\/"},"modified":"2026-04-15T01:11:57","modified_gmt":"2026-04-14T23:11:57","slug":"uchwyt-lacznik-szyby-bocznej-do-kabiny-hydromasazowej-kerra-bjorg","status":"publish","type":"product","link":"https:\/\/zam.novoterm.pl\/index.php\/produkt\/uchwyt-lacznik-szyby-bocznej-do-kabiny-hydromasazowej-kerra-bjorg\/","title":{"rendered":"uchwyt\/\u0142\u0105cznik szyby bocznej do kabiny hydromasa\u017cowej Kerra &#8222;Bjorg&#8221;"},"content":{"rendered":"","protected":false},"excerpt":{"rendered":"","protected":false},"featured_media":130125,"comment_status":"closed","ping_status":"open","template":"","meta":[],"product_cat":[728,731],"product_tag":[],"_links":{"self":[{"href":"https:\/\/zam.novoterm.pl\/index.php\/wp-json\/wp\/v2\/product\/72513"}],"collection":[{"href":"https:\/\/zam.novoterm.pl\/index.php\/wp-json\/wp\/v2\/product"}],"about":[{"href":"https:\/\/zam.novoterm.pl\/index.php\/wp-json\/wp\/v2\/types\/product"}],"replies":[{"embeddable":true,"href":"https:\/\/zam.novoterm.pl\/index.php\/wp-json\/wp\/v2\/comments?post=72513"}],"wp:featuredmedia":[{"embeddable":true,"href":"https:\/\/zam.novoterm.pl\/index.php\/wp-json\/wp\/v2\/media\/130125"}],"wp:attachment":[{"href":"https:\/\/zam.novoterm.pl\/index.php\/wp-json\/wp\/v2\/media?parent=72513"}],"wp:term":[{"taxonomy":"product_cat","embeddable":true,"href":"https:\/\/zam.novoterm.pl\/index.php\/wp-json\/wp\/v2\/product_cat?post=72513"},{"taxonomy":"product_tag","embeddable":true,"href":"https:\/\/zam.novoterm.pl\/index.php\/wp-json\/wp\/v2\/product_tag?post=72513"}],"curies":[{"name":"wp","href":"https:\/\/api.w.org\/{rel}","templated":true}]}}