{"id":72446,"date":"2021-07-13T17:10:00","date_gmt":"2021-07-13T15:10:00","guid":{"rendered":"https:\/\/zam.novoterm.pl\/index.php\/produkt\/lampa-led-do-okapu-kuchennego-focus-fala-spark-ciepla-barwa-swiatla\/"},"modified":"2026-04-15T01:31:38","modified_gmt":"2026-04-14T23:31:38","slug":"lampa-led-do-okapu-kuchennego-focus-fala-spark-ciepla-barwa-swiatla","status":"publish","type":"product","link":"https:\/\/zam.novoterm.pl\/index.php\/produkt\/lampa-led-do-okapu-kuchennego-focus-fala-spark-ciepla-barwa-swiatla\/","title":{"rendered":"Lampa LED do okapu kuchennego Focus &#8222;Fala\/Spark&#8221; &#8211; ciep\u0142a barwa \u015bwiat\u0142a"},"content":{"rendered":"","protected":false},"excerpt":{"rendered":"","protected":false},"featured_media":130090,"comment_status":"closed","ping_status":"open","template":"","meta":[],"product_cat":[842,728],"product_tag":[],"_links":{"self":[{"href":"https:\/\/zam.novoterm.pl\/index.php\/wp-json\/wp\/v2\/product\/72446"}],"collection":[{"href":"https:\/\/zam.novoterm.pl\/index.php\/wp-json\/wp\/v2\/product"}],"about":[{"href":"https:\/\/zam.novoterm.pl\/index.php\/wp-json\/wp\/v2\/types\/product"}],"replies":[{"embeddable":true,"href":"https:\/\/zam.novoterm.pl\/index.php\/wp-json\/wp\/v2\/comments?post=72446"}],"wp:featuredmedia":[{"embeddable":true,"href":"https:\/\/zam.novoterm.pl\/index.php\/wp-json\/wp\/v2\/media\/130090"}],"wp:attachment":[{"href":"https:\/\/zam.novoterm.pl\/index.php\/wp-json\/wp\/v2\/media?parent=72446"}],"wp:term":[{"taxonomy":"product_cat","embeddable":true,"href":"https:\/\/zam.novoterm.pl\/index.php\/wp-json\/wp\/v2\/product_cat?post=72446"},{"taxonomy":"product_tag","embeddable":true,"href":"https:\/\/zam.novoterm.pl\/index.php\/wp-json\/wp\/v2\/product_tag?post=72446"}],"curies":[{"name":"wp","href":"https:\/\/api.w.org\/{rel}","templated":true}]}}