{"id":72416,"date":"2021-07-13T17:08:24","date_gmt":"2021-07-13T15:08:24","guid":{"rendered":"https:\/\/zam.novoterm.pl\/index.php\/produkt\/zespol-wlacznikow-do-okapu-focus-essenza-fuenta-zamiennik-delta-sigma\/"},"modified":"2026-04-08T01:21:18","modified_gmt":"2026-04-07T23:21:18","slug":"zespol-wlacznikow-do-okapu-focus-essenza-fuenta-zamiennik-delta-sigma","status":"publish","type":"product","link":"https:\/\/zam.novoterm.pl\/index.php\/produkt\/zespol-wlacznikow-do-okapu-focus-essenza-fuenta-zamiennik-delta-sigma\/","title":{"rendered":"zesp\u00f3\u0142 w\u0142\u0105cznik\u00f3w do okapu Focus &#8222;Essenza\/Fuenta&#8221; &#8211; zamiennik &#8222;Delta\/Sigma&#8221;"},"content":{"rendered":"","protected":false},"excerpt":{"rendered":"","protected":false},"featured_media":130076,"comment_status":"closed","ping_status":"open","template":"","meta":[],"product_cat":[842,728],"product_tag":[],"_links":{"self":[{"href":"https:\/\/zam.novoterm.pl\/index.php\/wp-json\/wp\/v2\/product\/72416"}],"collection":[{"href":"https:\/\/zam.novoterm.pl\/index.php\/wp-json\/wp\/v2\/product"}],"about":[{"href":"https:\/\/zam.novoterm.pl\/index.php\/wp-json\/wp\/v2\/types\/product"}],"replies":[{"embeddable":true,"href":"https:\/\/zam.novoterm.pl\/index.php\/wp-json\/wp\/v2\/comments?post=72416"}],"wp:featuredmedia":[{"embeddable":true,"href":"https:\/\/zam.novoterm.pl\/index.php\/wp-json\/wp\/v2\/media\/130076"}],"wp:attachment":[{"href":"https:\/\/zam.novoterm.pl\/index.php\/wp-json\/wp\/v2\/media?parent=72416"}],"wp:term":[{"taxonomy":"product_cat","embeddable":true,"href":"https:\/\/zam.novoterm.pl\/index.php\/wp-json\/wp\/v2\/product_cat?post=72416"},{"taxonomy":"product_tag","embeddable":true,"href":"https:\/\/zam.novoterm.pl\/index.php\/wp-json\/wp\/v2\/product_tag?post=72416"}],"curies":[{"name":"wp","href":"https:\/\/api.w.org\/{rel}","templated":true}]}}