{"id":72210,"date":"2021-07-13T16:58:03","date_gmt":"2021-07-13T14:58:03","guid":{"rendered":"https:\/\/zam.novoterm.pl\/index.php\/produkt\/przylacze-glowki-natryskowej-do-panelu-natryskowego-kerra-n10-n11-moonlight\/"},"modified":"2026-04-07T12:16:43","modified_gmt":"2026-04-07T10:16:43","slug":"przylacze-glowki-natryskowej-do-panelu-natryskowego-kerra-n10-n11-moonlight","status":"publish","type":"product","link":"https:\/\/zam.novoterm.pl\/index.php\/produkt\/przylacze-glowki-natryskowej-do-panelu-natryskowego-kerra-n10-n11-moonlight\/","title":{"rendered":"przy\u0142\u0105cze g\u0142\u00f3wki natryskowej do panelu natryskowego Kerra &#8222;N10\/N11\/Moonlight&#8221;"},"content":{"rendered":"","protected":false},"excerpt":{"rendered":"","protected":false},"featured_media":129965,"comment_status":"closed","ping_status":"open","template":"","meta":[],"product_cat":[728,735],"product_tag":[],"_links":{"self":[{"href":"https:\/\/zam.novoterm.pl\/index.php\/wp-json\/wp\/v2\/product\/72210"}],"collection":[{"href":"https:\/\/zam.novoterm.pl\/index.php\/wp-json\/wp\/v2\/product"}],"about":[{"href":"https:\/\/zam.novoterm.pl\/index.php\/wp-json\/wp\/v2\/types\/product"}],"replies":[{"embeddable":true,"href":"https:\/\/zam.novoterm.pl\/index.php\/wp-json\/wp\/v2\/comments?post=72210"}],"wp:featuredmedia":[{"embeddable":true,"href":"https:\/\/zam.novoterm.pl\/index.php\/wp-json\/wp\/v2\/media\/129965"}],"wp:attachment":[{"href":"https:\/\/zam.novoterm.pl\/index.php\/wp-json\/wp\/v2\/media?parent=72210"}],"wp:term":[{"taxonomy":"product_cat","embeddable":true,"href":"https:\/\/zam.novoterm.pl\/index.php\/wp-json\/wp\/v2\/product_cat?post=72210"},{"taxonomy":"product_tag","embeddable":true,"href":"https:\/\/zam.novoterm.pl\/index.php\/wp-json\/wp\/v2\/product_tag?post=72210"}],"curies":[{"name":"wp","href":"https:\/\/api.w.org\/{rel}","templated":true}]}}