{"id":72148,"date":"2021-07-13T16:55:38","date_gmt":"2021-07-13T14:55:38","guid":{"rendered":"https:\/\/zam.novoterm.pl\/index.php\/produkt\/miska-wc-podwieszana-tinos-z-deska-bialy-polysk\/"},"modified":"2026-04-07T01:31:34","modified_gmt":"2026-04-06T23:31:34","slug":"miska-wc-podwieszana-tinos-z-deska-bialy-polysk","status":"publish","type":"product","link":"https:\/\/zam.novoterm.pl\/index.php\/produkt\/miska-wc-podwieszana-tinos-z-deska-bialy-polysk\/","title":{"rendered":"Miska WC podwieszana Tinos z desk\u0105 (bia\u0142y po\u0142ysk)"},"content":{"rendered":"","protected":false},"excerpt":{"rendered":"","protected":false},"featured_media":129913,"comment_status":"closed","ping_status":"open","template":"","meta":[],"product_cat":[749,748,750,819],"product_tag":[],"_links":{"self":[{"href":"https:\/\/zam.novoterm.pl\/index.php\/wp-json\/wp\/v2\/product\/72148"}],"collection":[{"href":"https:\/\/zam.novoterm.pl\/index.php\/wp-json\/wp\/v2\/product"}],"about":[{"href":"https:\/\/zam.novoterm.pl\/index.php\/wp-json\/wp\/v2\/types\/product"}],"replies":[{"embeddable":true,"href":"https:\/\/zam.novoterm.pl\/index.php\/wp-json\/wp\/v2\/comments?post=72148"}],"wp:featuredmedia":[{"embeddable":true,"href":"https:\/\/zam.novoterm.pl\/index.php\/wp-json\/wp\/v2\/media\/129913"}],"wp:attachment":[{"href":"https:\/\/zam.novoterm.pl\/index.php\/wp-json\/wp\/v2\/media?parent=72148"}],"wp:term":[{"taxonomy":"product_cat","embeddable":true,"href":"https:\/\/zam.novoterm.pl\/index.php\/wp-json\/wp\/v2\/product_cat?post=72148"},{"taxonomy":"product_tag","embeddable":true,"href":"https:\/\/zam.novoterm.pl\/index.php\/wp-json\/wp\/v2\/product_tag?post=72148"}],"curies":[{"name":"wp","href":"https:\/\/api.w.org\/{rel}","templated":true}]}}