{"id":72093,"date":"2021-07-13T16:48:55","date_gmt":"2021-07-13T14:48:55","guid":{"rendered":"https:\/\/zam.novoterm.pl\/index.php\/produkt\/glowica-przelacznika-funkcji-do-kabiny-hydromasazowej-kerra-malaga\/"},"modified":"2026-04-15T01:31:26","modified_gmt":"2026-04-14T23:31:26","slug":"glowica-przelacznika-funkcji-do-kabiny-hydromasazowej-kerra-malaga","status":"publish","type":"product","link":"https:\/\/zam.novoterm.pl\/index.php\/produkt\/glowica-przelacznika-funkcji-do-kabiny-hydromasazowej-kerra-malaga\/","title":{"rendered":"g\u0142owica prze\u0142\u0105cznika funkcji do kabiny hydromasa\u017cowej Kerra &#8222;Malaga&#8221;"},"content":{"rendered":"","protected":false},"excerpt":{"rendered":"","protected":false},"featured_media":129871,"comment_status":"closed","ping_status":"open","template":"","meta":[],"product_cat":[728,731],"product_tag":[],"_links":{"self":[{"href":"https:\/\/zam.novoterm.pl\/index.php\/wp-json\/wp\/v2\/product\/72093"}],"collection":[{"href":"https:\/\/zam.novoterm.pl\/index.php\/wp-json\/wp\/v2\/product"}],"about":[{"href":"https:\/\/zam.novoterm.pl\/index.php\/wp-json\/wp\/v2\/types\/product"}],"replies":[{"embeddable":true,"href":"https:\/\/zam.novoterm.pl\/index.php\/wp-json\/wp\/v2\/comments?post=72093"}],"wp:featuredmedia":[{"embeddable":true,"href":"https:\/\/zam.novoterm.pl\/index.php\/wp-json\/wp\/v2\/media\/129871"}],"wp:attachment":[{"href":"https:\/\/zam.novoterm.pl\/index.php\/wp-json\/wp\/v2\/media?parent=72093"}],"wp:term":[{"taxonomy":"product_cat","embeddable":true,"href":"https:\/\/zam.novoterm.pl\/index.php\/wp-json\/wp\/v2\/product_cat?post=72093"},{"taxonomy":"product_tag","embeddable":true,"href":"https:\/\/zam.novoterm.pl\/index.php\/wp-json\/wp\/v2\/product_tag?post=72093"}],"curies":[{"name":"wp","href":"https:\/\/api.w.org\/{rel}","templated":true}]}}