{"id":72070,"date":"2021-07-13T16:47:54","date_gmt":"2021-07-13T14:47:54","guid":{"rendered":"https:\/\/zam.novoterm.pl\/index.php\/produkt\/zawor-napelniajacy-do-stelaza-podtynkowego-kerra-k-50-slim\/"},"modified":"2026-04-07T09:51:10","modified_gmt":"2026-04-07T07:51:10","slug":"zawor-napelniajacy-do-stelaza-podtynkowego-kerra-k-50-slim","status":"publish","type":"product","link":"https:\/\/zam.novoterm.pl\/index.php\/produkt\/zawor-napelniajacy-do-stelaza-podtynkowego-kerra-k-50-slim\/","title":{"rendered":"zaw\u00f3r nape\u0142niaj\u0105cy do stela\u017ca podtynkowego Kerra &#8222;K-50 SLIM&#8221;"},"content":{"rendered":"","protected":false},"excerpt":{"rendered":"","protected":false},"featured_media":129853,"comment_status":"closed","ping_status":"open","template":"","meta":[],"product_cat":[728,729],"product_tag":[],"_links":{"self":[{"href":"https:\/\/zam.novoterm.pl\/index.php\/wp-json\/wp\/v2\/product\/72070"}],"collection":[{"href":"https:\/\/zam.novoterm.pl\/index.php\/wp-json\/wp\/v2\/product"}],"about":[{"href":"https:\/\/zam.novoterm.pl\/index.php\/wp-json\/wp\/v2\/types\/product"}],"replies":[{"embeddable":true,"href":"https:\/\/zam.novoterm.pl\/index.php\/wp-json\/wp\/v2\/comments?post=72070"}],"wp:featuredmedia":[{"embeddable":true,"href":"https:\/\/zam.novoterm.pl\/index.php\/wp-json\/wp\/v2\/media\/129853"}],"wp:attachment":[{"href":"https:\/\/zam.novoterm.pl\/index.php\/wp-json\/wp\/v2\/media?parent=72070"}],"wp:term":[{"taxonomy":"product_cat","embeddable":true,"href":"https:\/\/zam.novoterm.pl\/index.php\/wp-json\/wp\/v2\/product_cat?post=72070"},{"taxonomy":"product_tag","embeddable":true,"href":"https:\/\/zam.novoterm.pl\/index.php\/wp-json\/wp\/v2\/product_tag?post=72070"}],"curies":[{"name":"wp","href":"https:\/\/api.w.org\/{rel}","templated":true}]}}