{"id":72066,"date":"2021-07-13T16:46:56","date_gmt":"2021-07-13T14:46:56","guid":{"rendered":"https:\/\/zam.novoterm.pl\/index.php\/produkt\/zaslepka-kolana-odplywowego-do-stelaza-podtynkowego-kerra-k-50-slim\/"},"modified":"2026-04-14T17:41:53","modified_gmt":"2026-04-14T15:41:53","slug":"zaslepka-kolana-odplywowego-do-stelaza-podtynkowego-kerra-k-50-slim","status":"publish","type":"product","link":"https:\/\/zam.novoterm.pl\/index.php\/produkt\/zaslepka-kolana-odplywowego-do-stelaza-podtynkowego-kerra-k-50-slim\/","title":{"rendered":"za\u015blepka kolana odp\u0142ywowego do stela\u017ca podtynkowego Kerra &#8222;K-50 SLIM&#8221;"},"content":{"rendered":"","protected":false},"excerpt":{"rendered":"","protected":false},"featured_media":129851,"comment_status":"closed","ping_status":"open","template":"","meta":[],"product_cat":[728,729],"product_tag":[],"_links":{"self":[{"href":"https:\/\/zam.novoterm.pl\/index.php\/wp-json\/wp\/v2\/product\/72066"}],"collection":[{"href":"https:\/\/zam.novoterm.pl\/index.php\/wp-json\/wp\/v2\/product"}],"about":[{"href":"https:\/\/zam.novoterm.pl\/index.php\/wp-json\/wp\/v2\/types\/product"}],"replies":[{"embeddable":true,"href":"https:\/\/zam.novoterm.pl\/index.php\/wp-json\/wp\/v2\/comments?post=72066"}],"wp:featuredmedia":[{"embeddable":true,"href":"https:\/\/zam.novoterm.pl\/index.php\/wp-json\/wp\/v2\/media\/129851"}],"wp:attachment":[{"href":"https:\/\/zam.novoterm.pl\/index.php\/wp-json\/wp\/v2\/media?parent=72066"}],"wp:term":[{"taxonomy":"product_cat","embeddable":true,"href":"https:\/\/zam.novoterm.pl\/index.php\/wp-json\/wp\/v2\/product_cat?post=72066"},{"taxonomy":"product_tag","embeddable":true,"href":"https:\/\/zam.novoterm.pl\/index.php\/wp-json\/wp\/v2\/product_tag?post=72066"}],"curies":[{"name":"wp","href":"https:\/\/api.w.org\/{rel}","templated":true}]}}