{"id":72035,"date":"2021-07-13T16:45:50","date_gmt":"2021-07-13T14:45:50","guid":{"rendered":"https:\/\/zam.novoterm.pl\/index.php\/produkt\/pierscien-rury-odplywowej-do-stelaza-podtynkowego-kerra-k-50-slim\/"},"modified":"2026-04-15T01:31:20","modified_gmt":"2026-04-14T23:31:20","slug":"pierscien-rury-odplywowej-do-stelaza-podtynkowego-kerra-k-50-slim","status":"publish","type":"product","link":"https:\/\/zam.novoterm.pl\/index.php\/produkt\/pierscien-rury-odplywowej-do-stelaza-podtynkowego-kerra-k-50-slim\/","title":{"rendered":"pier\u015bcie\u0144 rury odp\u0142ywowej do stela\u017ca podtynkowego Kerra &#8222;K-50 SLIM&#8221;"},"content":{"rendered":"","protected":false},"excerpt":{"rendered":"","protected":false},"featured_media":129830,"comment_status":"closed","ping_status":"open","template":"","meta":[],"product_cat":[728,729],"product_tag":[],"_links":{"self":[{"href":"https:\/\/zam.novoterm.pl\/index.php\/wp-json\/wp\/v2\/product\/72035"}],"collection":[{"href":"https:\/\/zam.novoterm.pl\/index.php\/wp-json\/wp\/v2\/product"}],"about":[{"href":"https:\/\/zam.novoterm.pl\/index.php\/wp-json\/wp\/v2\/types\/product"}],"replies":[{"embeddable":true,"href":"https:\/\/zam.novoterm.pl\/index.php\/wp-json\/wp\/v2\/comments?post=72035"}],"wp:featuredmedia":[{"embeddable":true,"href":"https:\/\/zam.novoterm.pl\/index.php\/wp-json\/wp\/v2\/media\/129830"}],"wp:attachment":[{"href":"https:\/\/zam.novoterm.pl\/index.php\/wp-json\/wp\/v2\/media?parent=72035"}],"wp:term":[{"taxonomy":"product_cat","embeddable":true,"href":"https:\/\/zam.novoterm.pl\/index.php\/wp-json\/wp\/v2\/product_cat?post=72035"},{"taxonomy":"product_tag","embeddable":true,"href":"https:\/\/zam.novoterm.pl\/index.php\/wp-json\/wp\/v2\/product_tag?post=72035"}],"curies":[{"name":"wp","href":"https:\/\/api.w.org\/{rel}","templated":true}]}}