{"id":149695,"date":"2025-12-20T18:01:09","date_gmt":"2025-12-20T17:01:09","guid":{"rendered":"https:\/\/zam.novoterm.pl\/index.php\/produkt\/waz-natryskowy-do-zestawu-natryskowego-z-bateria-loge-vesuvio-bl\/"},"modified":"2026-04-09T01:31:07","modified_gmt":"2026-04-08T23:31:07","slug":"waz-natryskowy-do-zestawu-natryskowego-z-bateria-loge-vesuvio-bl","status":"publish","type":"product","link":"https:\/\/zam.novoterm.pl\/index.php\/produkt\/waz-natryskowy-do-zestawu-natryskowego-z-bateria-loge-vesuvio-bl\/","title":{"rendered":"w\u0105\u017c natryskowy do zestawu natryskowego z bateri\u0105 Loge &#8222;Vesuvio BL&#8221;"},"content":{"rendered":"","protected":false},"excerpt":{"rendered":"","protected":false},"featured_media":149696,"comment_status":"closed","ping_status":"open","template":"","meta":[],"product_cat":[730,728,731,735,743],"product_tag":[],"_links":{"self":[{"href":"https:\/\/zam.novoterm.pl\/index.php\/wp-json\/wp\/v2\/product\/149695"}],"collection":[{"href":"https:\/\/zam.novoterm.pl\/index.php\/wp-json\/wp\/v2\/product"}],"about":[{"href":"https:\/\/zam.novoterm.pl\/index.php\/wp-json\/wp\/v2\/types\/product"}],"replies":[{"embeddable":true,"href":"https:\/\/zam.novoterm.pl\/index.php\/wp-json\/wp\/v2\/comments?post=149695"}],"wp:featuredmedia":[{"embeddable":true,"href":"https:\/\/zam.novoterm.pl\/index.php\/wp-json\/wp\/v2\/media\/149696"}],"wp:attachment":[{"href":"https:\/\/zam.novoterm.pl\/index.php\/wp-json\/wp\/v2\/media?parent=149695"}],"wp:term":[{"taxonomy":"product_cat","embeddable":true,"href":"https:\/\/zam.novoterm.pl\/index.php\/wp-json\/wp\/v2\/product_cat?post=149695"},{"taxonomy":"product_tag","embeddable":true,"href":"https:\/\/zam.novoterm.pl\/index.php\/wp-json\/wp\/v2\/product_tag?post=149695"}],"curies":[{"name":"wp","href":"https:\/\/api.w.org\/{rel}","templated":true}]}}