{"id":149689,"date":"2025-12-20T18:01:06","date_gmt":"2025-12-20T17:01:06","guid":{"rendered":"https:\/\/zam.novoterm.pl\/index.php\/produkt\/uchwyt-glowicy-przeplywu-do-zestawu-natryskowego-z-bateria-loge-vesuvio-bl\/"},"modified":"2026-04-09T08:16:27","modified_gmt":"2026-04-09T06:16:27","slug":"uchwyt-glowicy-przeplywu-do-zestawu-natryskowego-z-bateria-loge-vesuvio-bl","status":"publish","type":"product","link":"https:\/\/zam.novoterm.pl\/index.php\/produkt\/uchwyt-glowicy-przeplywu-do-zestawu-natryskowego-z-bateria-loge-vesuvio-bl\/","title":{"rendered":"uchwyt g\u0142owicy przep\u0142ywu do zestawu natryskowego z bateri\u0105 Loge &#8222;Vesuvio BL&#8221;"},"content":{"rendered":"","protected":false},"excerpt":{"rendered":"","protected":false},"featured_media":149690,"comment_status":"closed","ping_status":"open","template":"","meta":[],"product_cat":[728,743],"product_tag":[],"_links":{"self":[{"href":"https:\/\/zam.novoterm.pl\/index.php\/wp-json\/wp\/v2\/product\/149689"}],"collection":[{"href":"https:\/\/zam.novoterm.pl\/index.php\/wp-json\/wp\/v2\/product"}],"about":[{"href":"https:\/\/zam.novoterm.pl\/index.php\/wp-json\/wp\/v2\/types\/product"}],"replies":[{"embeddable":true,"href":"https:\/\/zam.novoterm.pl\/index.php\/wp-json\/wp\/v2\/comments?post=149689"}],"wp:featuredmedia":[{"embeddable":true,"href":"https:\/\/zam.novoterm.pl\/index.php\/wp-json\/wp\/v2\/media\/149690"}],"wp:attachment":[{"href":"https:\/\/zam.novoterm.pl\/index.php\/wp-json\/wp\/v2\/media?parent=149689"}],"wp:term":[{"taxonomy":"product_cat","embeddable":true,"href":"https:\/\/zam.novoterm.pl\/index.php\/wp-json\/wp\/v2\/product_cat?post=149689"},{"taxonomy":"product_tag","embeddable":true,"href":"https:\/\/zam.novoterm.pl\/index.php\/wp-json\/wp\/v2\/product_tag?post=149689"}],"curies":[{"name":"wp","href":"https:\/\/api.w.org\/{rel}","templated":true}]}}