{"id":149681,"date":"2025-12-20T17:51:32","date_gmt":"2025-12-20T16:51:32","guid":{"rendered":"https:\/\/zam.novoterm.pl\/index.php\/produkt\/wylacznik-krancowy-do-okapu-kuchennego-focus-spirit\/"},"modified":"2026-04-09T08:15:52","modified_gmt":"2026-04-09T06:15:52","slug":"wylacznik-krancowy-do-okapu-kuchennego-focus-spirit","status":"publish","type":"product","link":"https:\/\/zam.novoterm.pl\/index.php\/produkt\/wylacznik-krancowy-do-okapu-kuchennego-focus-spirit\/","title":{"rendered":"wy\u0142\u0105cznik kra\u0144cowy do okapu kuchennego Focus &#8222;Spirit&#8221;"},"content":{"rendered":"","protected":false},"excerpt":{"rendered":"","protected":false},"featured_media":149682,"comment_status":"closed","ping_status":"open","template":"","meta":[],"product_cat":[842,728],"product_tag":[],"_links":{"self":[{"href":"https:\/\/zam.novoterm.pl\/index.php\/wp-json\/wp\/v2\/product\/149681"}],"collection":[{"href":"https:\/\/zam.novoterm.pl\/index.php\/wp-json\/wp\/v2\/product"}],"about":[{"href":"https:\/\/zam.novoterm.pl\/index.php\/wp-json\/wp\/v2\/types\/product"}],"replies":[{"embeddable":true,"href":"https:\/\/zam.novoterm.pl\/index.php\/wp-json\/wp\/v2\/comments?post=149681"}],"wp:featuredmedia":[{"embeddable":true,"href":"https:\/\/zam.novoterm.pl\/index.php\/wp-json\/wp\/v2\/media\/149682"}],"wp:attachment":[{"href":"https:\/\/zam.novoterm.pl\/index.php\/wp-json\/wp\/v2\/media?parent=149681"}],"wp:term":[{"taxonomy":"product_cat","embeddable":true,"href":"https:\/\/zam.novoterm.pl\/index.php\/wp-json\/wp\/v2\/product_cat?post=149681"},{"taxonomy":"product_tag","embeddable":true,"href":"https:\/\/zam.novoterm.pl\/index.php\/wp-json\/wp\/v2\/product_tag?post=149681"}],"curies":[{"name":"wp","href":"https:\/\/api.w.org\/{rel}","templated":true}]}}