{"id":149312,"date":"2025-12-12T18:00:50","date_gmt":"2025-12-12T17:00:50","guid":{"rendered":"https:\/\/zam.novoterm.pl\/index.php\/produkt\/nakretka-przylaczeniowa-3-4-do-zestawu-natryskowego-z-bateria-loge-vesuvio-bl\/"},"modified":"2026-04-10T18:00:32","modified_gmt":"2026-04-10T16:00:32","slug":"nakretka-przylaczeniowa-3-4-do-zestawu-natryskowego-z-bateria-loge-vesuvio-bl","status":"publish","type":"product","link":"https:\/\/zam.novoterm.pl\/index.php\/produkt\/nakretka-przylaczeniowa-3-4-do-zestawu-natryskowego-z-bateria-loge-vesuvio-bl\/","title":{"rendered":"nakr\u0119tka przy\u0142\u0105czeniowa 3\/4&#8243; do zestawu natryskowego z bateri\u0105 Loge &#8222;Vesuvio BL&#8221;"},"content":{"rendered":"","protected":false},"excerpt":{"rendered":"","protected":false},"featured_media":149313,"comment_status":"closed","ping_status":"open","template":"","meta":[],"product_cat":[728,743],"product_tag":[],"_links":{"self":[{"href":"https:\/\/zam.novoterm.pl\/index.php\/wp-json\/wp\/v2\/product\/149312"}],"collection":[{"href":"https:\/\/zam.novoterm.pl\/index.php\/wp-json\/wp\/v2\/product"}],"about":[{"href":"https:\/\/zam.novoterm.pl\/index.php\/wp-json\/wp\/v2\/types\/product"}],"replies":[{"embeddable":true,"href":"https:\/\/zam.novoterm.pl\/index.php\/wp-json\/wp\/v2\/comments?post=149312"}],"wp:featuredmedia":[{"embeddable":true,"href":"https:\/\/zam.novoterm.pl\/index.php\/wp-json\/wp\/v2\/media\/149313"}],"wp:attachment":[{"href":"https:\/\/zam.novoterm.pl\/index.php\/wp-json\/wp\/v2\/media?parent=149312"}],"wp:term":[{"taxonomy":"product_cat","embeddable":true,"href":"https:\/\/zam.novoterm.pl\/index.php\/wp-json\/wp\/v2\/product_cat?post=149312"},{"taxonomy":"product_tag","embeddable":true,"href":"https:\/\/zam.novoterm.pl\/index.php\/wp-json\/wp\/v2\/product_tag?post=149312"}],"curies":[{"name":"wp","href":"https:\/\/api.w.org\/{rel}","templated":true}]}}