{"id":148128,"date":"2025-11-19T18:21:50","date_gmt":"2025-11-19T17:21:50","guid":{"rendered":"https:\/\/zam.novoterm.pl\/index.php\/produkt\/zawor-napelniajacy-do-kompaktu-wc-kerra-tetra\/"},"modified":"2026-04-14T18:21:06","modified_gmt":"2026-04-14T16:21:06","slug":"zawor-napelniajacy-do-kompaktu-wc-kerra-tetra","status":"publish","type":"product","link":"https:\/\/zam.novoterm.pl\/index.php\/produkt\/zawor-napelniajacy-do-kompaktu-wc-kerra-tetra\/","title":{"rendered":"zaw\u00f3r nape\u0142niaj\u0105cy do kompaktu WC Kerra Tetra"},"content":{"rendered":"","protected":false},"excerpt":{"rendered":"","protected":false},"featured_media":148129,"comment_status":"closed","ping_status":"open","template":"","meta":[],"product_cat":[744,728],"product_tag":[],"_links":{"self":[{"href":"https:\/\/zam.novoterm.pl\/index.php\/wp-json\/wp\/v2\/product\/148128"}],"collection":[{"href":"https:\/\/zam.novoterm.pl\/index.php\/wp-json\/wp\/v2\/product"}],"about":[{"href":"https:\/\/zam.novoterm.pl\/index.php\/wp-json\/wp\/v2\/types\/product"}],"replies":[{"embeddable":true,"href":"https:\/\/zam.novoterm.pl\/index.php\/wp-json\/wp\/v2\/comments?post=148128"}],"wp:featuredmedia":[{"embeddable":true,"href":"https:\/\/zam.novoterm.pl\/index.php\/wp-json\/wp\/v2\/media\/148129"}],"wp:attachment":[{"href":"https:\/\/zam.novoterm.pl\/index.php\/wp-json\/wp\/v2\/media?parent=148128"}],"wp:term":[{"taxonomy":"product_cat","embeddable":true,"href":"https:\/\/zam.novoterm.pl\/index.php\/wp-json\/wp\/v2\/product_cat?post=148128"},{"taxonomy":"product_tag","embeddable":true,"href":"https:\/\/zam.novoterm.pl\/index.php\/wp-json\/wp\/v2\/product_tag?post=148128"}],"curies":[{"name":"wp","href":"https:\/\/api.w.org\/{rel}","templated":true}]}}